{"id":19943,"date":"2021-07-27T14:43:45","date_gmt":"2021-07-27T12:43:45","guid":{"rendered":"http:\/\/ww2.maisonleretour.com\/?page_id=19943"},"modified":"2022-07-10T11:28:20","modified_gmt":"2022-07-10T09:28:20","slug":"chambre-enrica","status":"publish","type":"page","link":"https:\/\/maisonleretour.com\/en\/chambre-enrica\/","title":{"rendered":"Chambre Enrica"},"content":{"rendered":"<div class=\"gb-container gb-container-d0829f3d\"><div class=\"gb-inside-container\">\n\n<h1 class=\"gb-headline gb-headline-007886a8 gb-headline-text\"><mark class=\"gb-highlight\">Enrica<\/mark>, un appartement<br>de deux pi\u00e8ces<\/h1>\n\n<\/div><\/div>\n\n<div class=\"gb-container gb-container-9113f02b\"><div class=\"gb-inside-container\">\n<div class=\"gb-grid-wrapper gb-grid-wrapper-12df935a\">\n<div class=\"gb-grid-column gb-grid-column-803aef5c\"><div class=\"gb-container gb-container-803aef5c\"><div class=\"gb-inside-container\">\n\n<h3 class=\"gb-headline gb-headline-79b4e799\"><span class=\"gb-icon\"><svg xmlns=\"http:\/\/www.w3.org\/2000\/svg\" viewbox=\"0 0 256 512\" width=\"1em\" height=\"1em\" aria-hidden=\"true\"><path d=\"M224.3 273l-136 136c-9.4 9.4-24.6 9.4-33.9 0l-22.6-22.6c-9.4-9.4-9.4-24.6 0-33.9l96.4-96.4-96.4-96.4c-9.4-9.4-9.4-24.6 0-33.9L54.3 103c9.4-9.4 24.6-9.4 33.9 0l136 136c9.5 9.4 9.5 24.6.1 34z\" fill=\"currentColor\"><\/path><\/svg><\/span><span class=\"gb-headline-text\">Un appartement sur mesure<\/span><\/h3>\n\n\n\n<p>Ce petit appartement au rez-de jardin est compos\u00e9 de deux pi\u00e8ces&nbsp;: une chambre avec un grand lit double et une avec cuisine \u00e9quip\u00e9e, table \u00e0 manger, coin salon et un canap\u00e9 en fer forg\u00e9, qui peut devenir un lit individuel tr\u00e8s confortable.<\/p>\n\n\n\n<p>L&rsquo;appartement est \u00e9quip\u00e9 de deux salles de bains avec douche et s\u00e8che-cheveux<\/p>\n\n\n\n<p>L&rsquo;entr\u00e9e, ind\u00e9pendante, se fait depuis le jardin.<\/p>\n\n\n\n<ul class=\"wp-block-list\"><li>WiFi disponible gratuitement<\/li><li>Nos chambres NE sont PAS \u00e9quip\u00e9es de TV.<\/li><li>Il n\u2019y a pas de climatisation, un ventilateur est mis \u00e0 disposition de nos h\u00f4tes.<\/li><\/ul>\n\n<\/div><\/div><\/div>\n\n<div class=\"gb-grid-column gb-grid-column-c5e7f58b\"><div class=\"gb-container gb-container-c5e7f58b\"><div class=\"gb-inside-container\">\n\n<h3 class=\"gb-headline gb-headline-25913163\"><span class=\"gb-icon\"><svg xmlns=\"http:\/\/www.w3.org\/2000\/svg\" viewbox=\"0 0 256 512\" width=\"1em\" height=\"1em\" aria-hidden=\"true\"><path d=\"M224.3 273l-136 136c-9.4 9.4-24.6 9.4-33.9 0l-22.6-22.6c-9.4-9.4-9.4-24.6 0-33.9l96.4-96.4-96.4-96.4c-9.4-9.4-9.4-24.6 0-33.9L54.3 103c9.4-9.4 24.6-9.4 33.9 0l136 136c9.5 9.4 9.5 24.6.1 34z\" fill=\"currentColor\"><\/path><\/svg><\/span><span class=\"gb-headline-text\">un tarif accueillant<\/span><\/h3>\n\n\n\n<ul class=\"wp-block-list\"><li>150 euros par nuit du 1er octobre au 31 mars<\/li><li>180 euros par nuit du 1er avril au 30 septembre<br><\/li><li>Taxe de s\u00e9jour : 0,80 euros \/ nuit\u00e9e et par personne de plus de 18 ans. Troisi\u00e8me h\u00f4te : 20 euros \/ nuit\u00e9e.<\/li><\/ul>\n\n\n\n<p class=\"has-text-align-center\">Contactez-nous pour conna\u00eetre les tarifs de votre s\u00e9jour, elles pourraient baisser selon le moment.<\/p>\n\n\n\n<h3 class=\"gb-headline gb-headline-761be977\"><span class=\"gb-icon\"><svg xmlns=\"http:\/\/www.w3.org\/2000\/svg\" viewbox=\"0 0 256 512\" width=\"1em\" height=\"1em\" aria-hidden=\"true\"><path d=\"M224.3 273l-136 136c-9.4 9.4-24.6 9.4-33.9 0l-22.6-22.6c-9.4-9.4-9.4-24.6 0-33.9l96.4-96.4-96.4-96.4c-9.4-9.4-9.4-24.6 0-33.9L54.3 103c9.4-9.4 24.6-9.4 33.9 0l136 136c9.5 9.4 9.5 24.6.1 34z\" fill=\"currentColor\"><\/path><\/svg><\/span><span class=\"gb-headline-text\">Arriv\u00e9e \/ D\u00e9part<\/span><\/h3>\n\n\n\n<ul class=\"wp-block-list\"><li>Arriv\u00e9e entre 14h et 18h<\/li><li>D\u00e9part avant 10h30<\/li><li>Arriv\u00e9e en dehors des horaires possible (nous pr\u00e9venir)<\/li><\/ul>\n\n<\/div><\/div><\/div>\n<\/div>\n<\/div><\/div>\n\n<div class=\"gb-container gb-container-0f7f1bd9\"><div class=\"gb-inside-container\">\n<div class=\"wp-block-image\">\n<figure class=\"aligncenter size-large\"><img loading=\"lazy\" decoding=\"async\" width=\"1024\" height=\"680\" src=\"https:\/\/maisonleretour.com\/wp-content\/uploads\/2022\/03\/esterno-enrica-e-caterina-1024x680.jpg\" alt=\"\" class=\"wp-image-20230\"\/><figcaption>La Terrasse, Chambre Enrica, Maison_Le_Retour<\/figcaption><\/figure>\n<\/div>\n<\/div><\/div>\n\n<div class=\"gb-container gb-container-68d5bed5\"><div class=\"gb-inside-container\">\n<div class=\"gb-grid-wrapper gb-grid-wrapper-4994ad8d\">\n<div class=\"gb-grid-column gb-grid-column-d2f9a630\"><div class=\"gb-container gb-container-d2f9a630\"><div class=\"gb-inside-container\">\n\n<h2 class=\"gb-headline gb-headline-928d2710 gb-headline-text\">Caract\u00e8res<\/h2>\n\n<\/div><\/div><\/div>\n\n<div class=\"gb-grid-column gb-grid-column-3933b821\"><div class=\"gb-container gb-container-3933b821\"><div class=\"gb-inside-container\">\n\n<ul class=\"wp-block-list\"><li>Lits : 1 lit double 160 cm, 1 lit individuel 90 cm<\/li><li>Chambres : 30 m2<\/li><li>Piscine : 8m x 4m (profondeur 1,10 \u00e0 1,95m)<\/li><li>Jardin : 2000 m2<\/li><\/ul>\n\n<\/div><\/div><\/div>\n<\/div>\n<\/div><\/div>\n\n<div class=\"gb-container gb-container-c9759787\"><div class=\"gb-inside-container\">\n\n<figure class=\"wp-block-gallery has-nested-images columns-default is-cropped wp-block-gallery-2 is-layout-flex wp-block-gallery-is-layout-flex\">\n<figure class=\"wp-block-image size-large\"><a href=\"https:\/\/maisonleretour.com\/wp-content\/uploads\/2022\/03\/DSC_2732-scaled.jpg\"><img loading=\"lazy\" decoding=\"async\" width=\"1024\" height=\"681\" data-id=\"20111\" src=\"https:\/\/maisonleretour.com\/wp-content\/uploads\/2022\/03\/DSC_2732-1024x681.jpg\" alt=\"\" class=\"wp-image-20111\"\/><\/a><\/figure>\n\n\n\n<figure class=\"wp-block-image size-large\"><a href=\"https:\/\/maisonleretour.com\/wp-content\/uploads\/2022\/03\/IMG_0666-scaled-e1648056887611.jpg\"><img loading=\"lazy\" decoding=\"async\" width=\"768\" height=\"1024\" data-id=\"20232\" src=\"https:\/\/maisonleretour.com\/wp-content\/uploads\/2022\/03\/IMG_0666-768x1024.jpg\" alt=\"\" class=\"wp-image-20232\"\/><\/a><figcaption>La Terrasse, Chambre Enrica<\/figcaption><\/figure>\n\n\n\n<figure class=\"wp-block-image size-full\"><a href=\"https:\/\/maisonleretour.com\/wp-content\/uploads\/2022\/03\/DSC_2715.jpg\"><img loading=\"lazy\" decoding=\"async\" width=\"902\" height=\"600\" data-id=\"20192\" src=\"https:\/\/maisonleretour.com\/wp-content\/uploads\/2022\/03\/DSC_2715.jpg\" alt=\"\" class=\"wp-image-20192\" srcset=\"https:\/\/maisonleretour.com\/wp-content\/uploads\/2022\/03\/DSC_2715.jpg 902w, https:\/\/maisonleretour.com\/wp-content\/uploads\/2022\/03\/DSC_2715-300x200.jpg 300w, https:\/\/maisonleretour.com\/wp-content\/uploads\/2022\/03\/DSC_2715-768x511.jpg 768w, https:\/\/maisonleretour.com\/wp-content\/uploads\/2022\/03\/DSC_2715-18x12.jpg 18w\" sizes=\"auto, (max-width: 902px) 100vw, 902px\" \/><\/a><figcaption>Petit Appartement, Chambre Enrica<\/figcaption><\/figure>\n\n\n\n<figure class=\"wp-block-image size-large\"><a href=\"https:\/\/maisonleretour.com\/wp-content\/uploads\/2022\/03\/IMG_0667-scaled-e1648056866156.jpg\"><img loading=\"lazy\" decoding=\"async\" width=\"768\" height=\"1024\" data-id=\"20231\" src=\"https:\/\/maisonleretour.com\/wp-content\/uploads\/2022\/03\/IMG_0667-768x1024.jpg\" alt=\"\" class=\"wp-image-20231\"\/><\/a><figcaption>La Terrasse, Chambre Enrica<\/figcaption><\/figure>\n\n\n\n<figure class=\"wp-block-image size-full\"><a href=\"https:\/\/maisonleretour.com\/wp-content\/uploads\/2022\/03\/DSC_2739-1.jpg\"><img loading=\"lazy\" decoding=\"async\" width=\"902\" height=\"600\" data-id=\"20197\" src=\"https:\/\/maisonleretour.com\/wp-content\/uploads\/2022\/03\/DSC_2739-1.jpg\" alt=\"\" class=\"wp-image-20197\" srcset=\"https:\/\/maisonleretour.com\/wp-content\/uploads\/2022\/03\/DSC_2739-1.jpg 902w, https:\/\/maisonleretour.com\/wp-content\/uploads\/2022\/03\/DSC_2739-1-300x200.jpg 300w, https:\/\/maisonleretour.com\/wp-content\/uploads\/2022\/03\/DSC_2739-1-768x511.jpg 768w, https:\/\/maisonleretour.com\/wp-content\/uploads\/2022\/03\/DSC_2739-1-18x12.jpg 18w\" sizes=\"auto, (max-width: 902px) 100vw, 902px\" \/><\/a><\/figure>\n\n\n\n<figure class=\"wp-block-image size-full\"><a href=\"https:\/\/maisonleretour.com\/wp-content\/uploads\/2022\/03\/DSC_2712.jpg\"><img loading=\"lazy\" decoding=\"async\" width=\"600\" height=\"902\" data-id=\"20190\" src=\"https:\/\/maisonleretour.com\/wp-content\/uploads\/2022\/03\/DSC_2712.jpg\" alt=\"\" class=\"wp-image-20190\" srcset=\"https:\/\/maisonleretour.com\/wp-content\/uploads\/2022\/03\/DSC_2712.jpg 600w, https:\/\/maisonleretour.com\/wp-content\/uploads\/2022\/03\/DSC_2712-200x300.jpg 200w, https:\/\/maisonleretour.com\/wp-content\/uploads\/2022\/03\/DSC_2712-8x12.jpg 8w\" sizes=\"auto, (max-width: 600px) 100vw, 600px\" \/><\/a><figcaption>Chambre Enrica<\/figcaption><\/figure>\n<\/figure>\n\n\n\n<div class=\"wp-block-columns is-layout-flex wp-container-core-columns-is-layout-9d6595d7 wp-block-columns-is-layout-flex\">\n<div class=\"wp-block-column is-layout-flow wp-block-column-is-layout-flow\" style=\"flex-basis:100%\"><div class=\"gb-grid-wrapper gb-grid-wrapper-5497aa78\">\n<div class=\"gb-grid-column gb-grid-column-4d1522ba\"><div class=\"gb-container gb-container-4d1522ba\"><div class=\"gb-inside-container\">\n\n<figure class=\"wp-block-gallery alignleft has-nested-images columns-default is-cropped wp-block-gallery-3 is-layout-flex wp-block-gallery-is-layout-flex\">\n<figure class=\"wp-block-image size-large is-style-default\"><img loading=\"lazy\" decoding=\"async\" width=\"681\" height=\"1024\" data-id=\"20114\" src=\"https:\/\/maisonleretour.com\/wp-content\/uploads\/2022\/03\/DSC_2742-681x1024.jpg\" alt=\"\" class=\"wp-image-20114\"\/><figcaption>Kitchen, Maison_Le_Retour<\/figcaption><\/figure>\n<\/figure>\n\n\n\n<div class=\"wp-block-columns is-layout-flex wp-container-core-columns-is-layout-9d6595d7 wp-block-columns-is-layout-flex\">\n<div class=\"wp-block-column is-layout-flow wp-block-column-is-layout-flow\"><\/div>\n\n\n\n<div class=\"wp-block-column is-layout-flow wp-block-column-is-layout-flow\"><\/div>\n\n\n\n<div class=\"wp-block-column is-layout-flow wp-block-column-is-layout-flow\"><\/div>\n<\/div>\n\n<\/div><\/div><\/div>\n\n<div class=\"gb-grid-column gb-grid-column-3d83b0e4\"><div class=\"gb-container gb-container-3d83b0e4\"><div class=\"gb-inside-container\">\n\n<figure class=\"wp-block-gallery alignleft has-nested-images columns-default is-cropped wp-block-gallery-4 is-layout-flex wp-block-gallery-is-layout-flex\">\n<figure class=\"wp-block-image size-large is-style-default\"><img loading=\"lazy\" decoding=\"async\" width=\"679\" height=\"1024\" data-id=\"20185\" src=\"https:\/\/maisonleretour.com\/wp-content\/uploads\/2022\/03\/DSC_2692-679x1024.jpg\" alt=\"\" class=\"wp-image-20185\" srcset=\"https:\/\/maisonleretour.com\/wp-content\/uploads\/2022\/03\/DSC_2692-679x1024.jpg 679w, https:\/\/maisonleretour.com\/wp-content\/uploads\/2022\/03\/DSC_2692-199x300.jpg 199w, https:\/\/maisonleretour.com\/wp-content\/uploads\/2022\/03\/DSC_2692-768x1158.jpg 768w, https:\/\/maisonleretour.com\/wp-content\/uploads\/2022\/03\/DSC_2692-8x12.jpg 8w, https:\/\/maisonleretour.com\/wp-content\/uploads\/2022\/03\/DSC_2692.jpg 927w\" sizes=\"auto, (max-width: 679px) 100vw, 679px\" \/><figcaption>Bidet, Maison_Le_Retour<\/figcaption><\/figure>\n<\/figure>\n\n\n\n<div class=\"wp-block-columns is-layout-flex wp-container-core-columns-is-layout-9d6595d7 wp-block-columns-is-layout-flex\">\n<div class=\"wp-block-column is-layout-flow wp-block-column-is-layout-flow\"><\/div>\n\n\n\n<div class=\"wp-block-column is-layout-flow wp-block-column-is-layout-flow\"><\/div>\n\n\n\n<div class=\"wp-block-column is-layout-flow wp-block-column-is-layout-flow\"><\/div>\n<\/div>\n\n<\/div><\/div><\/div>\n<\/div><\/div>\n<\/div>\n\n<\/div><\/div>\n\n<div class=\"gb-container gb-container-1936b001\"><div class=\"gb-inside-container\">\n\n<h4 class=\"gb-headline gb-headline-39e43a19\"><span class=\"gb-icon\"><svg viewbox=\"0 0 60 52.906\" xmlns=\"http:\/\/www.w3.org\/2000\/svg\"><path d=\"M24.104 10.505c1.5-.629 2.13-2.42 1.452-3.872l-2.372-4.985A2.893 2.893 0 0019.409.245c-4.114 1.742-7.648 4.017-10.455 6.776-3.437 3.242-5.76 6.969-7.018 11.084C.678 22.267 0 27.93 0 35.142v14.86a2.913 2.913 0 002.904 2.904h19.022a2.913 2.913 0 002.904-2.904V30.979a2.912 2.912 0 00-2.904-2.904h-9.1c.097-4.889 1.258-8.809 3.388-11.762 1.743-2.371 4.357-4.307 7.89-5.808zM58.276 10.505c1.5-.629 2.129-2.42 1.452-3.872l-2.372-4.937C56.678.292 55.033-.337 53.581.292 49.516 2.035 46.03 4.31 43.175 7.021c-3.437 3.291-5.808 7.018-7.067 11.133-1.258 4.065-1.887 9.729-1.887 16.989v14.86a2.913 2.913 0 002.904 2.904h19.022a2.913 2.913 0 002.904-2.904V30.98a2.912 2.912 0 00-2.904-2.904h-9.148c.097-4.889 1.259-8.809 3.388-11.762 1.742-2.372 4.356-4.308 7.889-5.809z\"><\/path><\/svg><\/span><span class=\"gb-headline-text\">What a lovely way to start a holiday. We were welcomed by Simone and Enrica who run the place, the room was elegant and cosy and the pool was a lovely addition. Great restaurant recommendations and friendly but unobtrusive service. Loved it.<\/span><\/h4>\n\n\n\n<p class=\"gb-headline gb-headline-0d6a2e2b gb-headline-text\">\u2013 Avis Tripadvisor<\/p>\n\n<\/div><\/div>\n\n<div class=\"gb-container gb-container-7e8c1ad6\"><div class=\"gb-inside-container\">\n<div class=\"gb-button-wrapper gb-button-wrapper-896b0b30\">\n\n<a class=\"gb-button gb-button-b54f99af\" href=\"http:\/\/ww2.maisonleretour.com\/chambre-lulli\/\"><span class=\"gb-icon\"><svg viewbox=\"0 0 16 16\" class=\"bi bi-arrow-left\" fill=\"currentColor\" height=\"16\" width=\"16\" xmlns=\"http:\/\/www.w3.org\/2000\/svg\">   <path d=\"M15 8a.5.5 0 0 0-.5-.5H2.707l3.147-3.146a.5.5 0 1 0-.708-.708l-4 4a.5.5 0 0 0 0 .708l4 4a.5.5 0 0 0 .708-.708L2.707 8.5H14.5A.5.5 0 0 0 15 8z\" fill-rule=\"evenodd\"><\/path> <\/svg><\/span><span class=\"gb-button-text\">chambre \u00ab\u00a0lulli\u00a0\u00bb<\/span><\/a>\n\n\n\n<a class=\"gb-button gb-button-33ad980f\" href=\"http:\/\/ww2.maisonleretour.com\/chambre-matilde\/\"><span class=\"gb-button-text\">chambre \u00ab\u00a0Matilde\u00a0\u00bb<\/span><span class=\"gb-icon\"><svg viewbox=\"0 0 16 16\" class=\"bi bi-arrow-right\" fill=\"currentColor\" height=\"16\" width=\"16\" xmlns=\"http:\/\/www.w3.org\/2000\/svg\">   <path d=\"M1 8a.5.5 0 0 1 .5-.5h11.793l-3.147-3.146a.5.5 0 0 1 .708-.708l4 4a.5.5 0 0 1 0 .708l-4 4a.5.5 0 0 1-.708-.708L13.293 8.5H1.5A.5.5 0 0 1 1 8z\" fill-rule=\"evenodd\"><\/path> <\/svg><\/span><\/a>\n\n<\/div>\n<\/div><\/div>\n\n\n<p><\/p>","protected":false},"excerpt":{"rendered":"<p>Enrica, un appartementde deux pi\u00e8ces What a lovely way to start a holiday. We were welcomed by Simone and Enrica who run the place, the room was elegant and cosy and the pool was a lovely addition. Great restaurant recommendations and friendly but unobtrusive service. Loved it. \u2013 Avis Tripadvisor<\/p>","protected":false},"author":1,"featured_media":0,"parent":0,"menu_order":0,"comment_status":"closed","ping_status":"closed","template":"","meta":{"footnotes":""},"class_list":["post-19943","page","type-page","status-publish"],"aioseo_notices":[],"_links":{"self":[{"href":"https:\/\/maisonleretour.com\/en\/wp-json\/wp\/v2\/pages\/19943","targetHints":{"allow":["GET"]}}],"collection":[{"href":"https:\/\/maisonleretour.com\/en\/wp-json\/wp\/v2\/pages"}],"about":[{"href":"https:\/\/maisonleretour.com\/en\/wp-json\/wp\/v2\/types\/page"}],"author":[{"embeddable":true,"href":"https:\/\/maisonleretour.com\/en\/wp-json\/wp\/v2\/users\/1"}],"replies":[{"embeddable":true,"href":"https:\/\/maisonleretour.com\/en\/wp-json\/wp\/v2\/comments?post=19943"}],"version-history":[{"count":11,"href":"https:\/\/maisonleretour.com\/en\/wp-json\/wp\/v2\/pages\/19943\/revisions"}],"predecessor-version":[{"id":20255,"href":"https:\/\/maisonleretour.com\/en\/wp-json\/wp\/v2\/pages\/19943\/revisions\/20255"}],"wp:attachment":[{"href":"https:\/\/maisonleretour.com\/en\/wp-json\/wp\/v2\/media?parent=19943"}],"curies":[{"name":"wp","href":"https:\/\/api.w.org\/{rel}","templated":true}]}}