{"id":19933,"date":"2021-07-27T14:23:50","date_gmt":"2021-07-27T12:23:50","guid":{"rendered":"http:\/\/ww2.maisonleretour.com\/?page_id=19933"},"modified":"2022-07-10T11:28:54","modified_gmt":"2022-07-10T09:28:54","slug":"chambre-lulli","status":"publish","type":"page","link":"https:\/\/maisonleretour.com\/en\/chambre-lulli\/","title":{"rendered":"Chambre Lulli"},"content":{"rendered":"<div class=\"gb-container gb-container-d0829f3d\"><div class=\"gb-inside-container\">\n\n<h1 class=\"gb-headline gb-headline-007886a8 gb-headline-text\"><mark class=\"gb-highlight\">Lulli<\/mark>, \u00ab\u00a0La petite maison\u00a0\u00bb<br>pour deux personnes<\/h1>\n\n<\/div><\/div>\n\n<div class=\"gb-container gb-container-9113f02b\"><div class=\"gb-inside-container\">\n<div class=\"gb-grid-wrapper gb-grid-wrapper-12df935a\">\n<div class=\"gb-grid-column gb-grid-column-803aef5c\"><div class=\"gb-container gb-container-803aef5c\"><div class=\"gb-inside-container\">\n\n<h3 class=\"gb-headline gb-headline-79b4e799\"><span class=\"gb-icon\"><svg xmlns=\"http:\/\/www.w3.org\/2000\/svg\" viewbox=\"0 0 256 512\" width=\"1em\" height=\"1em\" aria-hidden=\"true\"><path d=\"M224.3 273l-136 136c-9.4 9.4-24.6 9.4-33.9 0l-22.6-22.6c-9.4-9.4-9.4-24.6 0-33.9l96.4-96.4-96.4-96.4c-9.4-9.4-9.4-24.6 0-33.9L54.3 103c9.4-9.4 24.6-9.4 33.9 0l136 136c9.5 9.4 9.5 24.6.1 34z\" fill=\"currentColor\"><\/path><\/svg><\/span><span class=\"gb-headline-text\">Un nid douillet<\/span><\/h3>\n\n\n\n<p>La \u00ab&nbsp;petite maison&nbsp;\u00bb situ\u00e9e au fond du jardin, \u00e0 c\u00f4t\u00e9 de la piscine, a l&rsquo;avantage d&rsquo;\u00eatre s\u00e9par\u00e9e du reste de la maison.<br>Enti\u00e8rement ind\u00e9pendante, elle offre un plus grand calme. <\/p>\n\n\n\n<p>Elle dispose d&rsquo;un grand lit double, ainsi que d&rsquo;un coin cuisine \u00e9quip\u00e9 d&rsquo;un petit r\u00e9frig\u00e9rateur et deux plaques de cuisson.<\/p>\n\n\n\n<p>La chambre est \u00e9quip\u00e9e de sa propre salle de bains avec douche et s\u00e8che cheveux.<\/p>\n\n\n\n<p>L&rsquo;entr\u00e9e, ind\u00e9pendante, se fait depuis le jardin.<\/p>\n\n\n\n<ul class=\"wp-block-list\"><li>WiFi disponible gratuitement<\/li><li>Nos chambres NE sont pas \u00e9quip\u00e9es de TV.<\/li><li>Il n\u2019y a pas de climatisation, un ventilateur est mis \u00e0 disposition de nos h\u00f4tes.<\/li><\/ul>\n\n<\/div><\/div><\/div>\n\n<div class=\"gb-grid-column gb-grid-column-c5e7f58b\"><div class=\"gb-container gb-container-c5e7f58b\"><div class=\"gb-inside-container\">\n\n<h3 class=\"gb-headline gb-headline-25913163\"><span class=\"gb-icon\"><svg xmlns=\"http:\/\/www.w3.org\/2000\/svg\" viewbox=\"0 0 256 512\" width=\"1em\" height=\"1em\" aria-hidden=\"true\"><path d=\"M224.3 273l-136 136c-9.4 9.4-24.6 9.4-33.9 0l-22.6-22.6c-9.4-9.4-9.4-24.6 0-33.9l96.4-96.4-96.4-96.4c-9.4-9.4-9.4-24.6 0-33.9L54.3 103c9.4-9.4 24.6-9.4 33.9 0l136 136c9.5 9.4 9.5 24.6.1 34z\" fill=\"currentColor\"><\/path><\/svg><\/span><span class=\"gb-headline-text\">un tarif accueillant<\/span><\/h3>\n\n\n\n<ul class=\"wp-block-list\"><li>110 euros par nuit du 1er octobre au 31 mars<\/li><li>130 euros par nuit du 1er avril au 30 septembre<br><\/li><li>Taxe de s\u00e9jour : 0,80 euros \/ nuit\u00e9e et par personne de plus de 18 ans.<\/li><\/ul>\n\n\n\n<h3 class=\"gb-headline gb-headline-761be977\"><span class=\"gb-icon\"><svg xmlns=\"http:\/\/www.w3.org\/2000\/svg\" viewbox=\"0 0 256 512\" width=\"1em\" height=\"1em\" aria-hidden=\"true\"><path d=\"M224.3 273l-136 136c-9.4 9.4-24.6 9.4-33.9 0l-22.6-22.6c-9.4-9.4-9.4-24.6 0-33.9l96.4-96.4-96.4-96.4c-9.4-9.4-9.4-24.6 0-33.9L54.3 103c9.4-9.4 24.6-9.4 33.9 0l136 136c9.5 9.4 9.5 24.6.1 34z\" fill=\"currentColor\"><\/path><\/svg><\/span><span class=\"gb-headline-text\">Arriv\u00e9e \/ D\u00e9part<\/span><\/h3>\n\n\n\n<ul class=\"wp-block-list\"><li>Arriv\u00e9e entre 14h et 18h<\/li><li>D\u00e9part avant 10h30<\/li><li>Arriv\u00e9e en dehors des horaires possible (nous pr\u00e9venir)<\/li><\/ul>\n\n<\/div><\/div><\/div>\n<\/div>\n<\/div><\/div>\n\n<div class=\"gb-container gb-container-0f7f1bd9\"><div class=\"gb-inside-container\">\n<div class=\"wp-block-image\">\n<figure class=\"aligncenter size-large is-resized\"><img loading=\"lazy\" decoding=\"async\" src=\"https:\/\/maisonleretour.com\/wp-content\/uploads\/2021\/11\/DSC_5371-copie-2-1024x800.jpg\" alt=\"\" class=\"wp-image-20090\" width=\"768\" height=\"600\"\/><figcaption>Chambre Lulli, Maison Le Retour, en mai<\/figcaption><\/figure>\n<\/div>\n<\/div><\/div>\n\n<div class=\"gb-container gb-container-68d5bed5\"><div class=\"gb-inside-container\">\n<div class=\"gb-grid-wrapper gb-grid-wrapper-4994ad8d\">\n<div class=\"gb-grid-column gb-grid-column-d2f9a630\"><div class=\"gb-container gb-container-d2f9a630\"><div class=\"gb-inside-container\">\n\n<h2 class=\"gb-headline gb-headline-928d2710 gb-headline-text\">Caract\u00e8res<\/h2>\n\n<\/div><\/div><\/div>\n\n<div class=\"gb-grid-column gb-grid-column-3933b821\"><div class=\"gb-container gb-container-3933b821\"><div class=\"gb-inside-container\">\n\n<ul class=\"wp-block-list\"><li>Lit double 160 cm<\/li><li>Coin cuisine<\/li><li>Chambre : 22 m2<\/li><li>Piscine : 8m x 4m (profondeur 1,10 \u00e0 1,95m)<\/li><li>Jardin : 2000 m2<\/li><\/ul>\n\n<\/div><\/div><\/div>\n<\/div>\n<\/div><\/div>\n\n<div class=\"gb-container gb-container-c9759787\"><div class=\"gb-inside-container\">\n\n<figure class=\"wp-block-gallery has-nested-images columns-default is-cropped wp-block-gallery-2 is-layout-flex wp-block-gallery-is-layout-flex\">\n<figure class=\"wp-block-image size-large\"><a href=\"https:\/\/maisonleretour.com\/wp-content\/uploads\/2022\/03\/IMG_20170513_141507-scaled.jpg\"><img loading=\"lazy\" decoding=\"async\" width=\"1024\" height=\"768\" data-id=\"20147\" src=\"https:\/\/maisonleretour.com\/wp-content\/uploads\/2022\/03\/IMG_20170513_141507-1024x768.jpg\" alt=\"\" class=\"wp-image-20147\"\/><\/a><figcaption>La Petite Maison, Entr\u00e9e <\/figcaption><\/figure>\n\n\n\n<figure class=\"wp-block-image size-full is-style-default\"><a href=\"https:\/\/maisonleretour.com\/wp-content\/uploads\/2022\/03\/DSC_2754.jpg\"><img loading=\"lazy\" decoding=\"async\" width=\"600\" height=\"902\" data-id=\"20207\" src=\"https:\/\/maisonleretour.com\/wp-content\/uploads\/2022\/03\/DSC_2754.jpg\" alt=\"\" class=\"wp-image-20207\" srcset=\"https:\/\/maisonleretour.com\/wp-content\/uploads\/2022\/03\/DSC_2754.jpg 600w, https:\/\/maisonleretour.com\/wp-content\/uploads\/2022\/03\/DSC_2754-200x300.jpg 200w, https:\/\/maisonleretour.com\/wp-content\/uploads\/2022\/03\/DSC_2754-8x12.jpg 8w\" sizes=\"auto, (max-width: 600px) 100vw, 600px\" \/><\/a><\/figure>\n\n\n\n<figure class=\"wp-block-image size-full\"><a href=\"https:\/\/maisonleretour.com\/wp-content\/uploads\/2022\/03\/Bed.jpg\"><img loading=\"lazy\" decoding=\"async\" width=\"913\" height=\"600\" data-id=\"20202\" src=\"https:\/\/maisonleretour.com\/wp-content\/uploads\/2022\/03\/Bed.jpg\" alt=\"\" class=\"wp-image-20202\" srcset=\"https:\/\/maisonleretour.com\/wp-content\/uploads\/2022\/03\/Bed.jpg 913w, https:\/\/maisonleretour.com\/wp-content\/uploads\/2022\/03\/Bed-300x197.jpg 300w, https:\/\/maisonleretour.com\/wp-content\/uploads\/2022\/03\/Bed-768x505.jpg 768w, https:\/\/maisonleretour.com\/wp-content\/uploads\/2022\/03\/Bed-18x12.jpg 18w\" sizes=\"auto, (max-width: 913px) 100vw, 913px\" \/><\/a><figcaption>Maison_Le_Retour<\/figcaption><\/figure>\n\n\n\n<figure class=\"wp-block-image size-full\"><a href=\"https:\/\/maisonleretour.com\/wp-content\/uploads\/2022\/03\/Shower.jpg\"><img loading=\"lazy\" decoding=\"async\" width=\"600\" height=\"902\" data-id=\"20209\" src=\"https:\/\/maisonleretour.com\/wp-content\/uploads\/2022\/03\/Shower.jpg\" alt=\"\" class=\"wp-image-20209\" srcset=\"https:\/\/maisonleretour.com\/wp-content\/uploads\/2022\/03\/Shower.jpg 600w, https:\/\/maisonleretour.com\/wp-content\/uploads\/2022\/03\/Shower-200x300.jpg 200w, https:\/\/maisonleretour.com\/wp-content\/uploads\/2022\/03\/Shower-8x12.jpg 8w\" sizes=\"auto, (max-width: 600px) 100vw, 600px\" \/><\/a><figcaption>Chambre Lulli\nMaison_Le_Retour<\/figcaption><\/figure>\n\n\n\n<figure class=\"wp-block-image size-full\"><a href=\"https:\/\/maisonleretour.com\/wp-content\/uploads\/2022\/03\/DSC_2751.jpg\"><img loading=\"lazy\" decoding=\"async\" width=\"600\" height=\"902\" data-id=\"20205\" src=\"https:\/\/maisonleretour.com\/wp-content\/uploads\/2022\/03\/DSC_2751.jpg\" alt=\"\" class=\"wp-image-20205\" srcset=\"https:\/\/maisonleretour.com\/wp-content\/uploads\/2022\/03\/DSC_2751.jpg 600w, https:\/\/maisonleretour.com\/wp-content\/uploads\/2022\/03\/DSC_2751-200x300.jpg 200w, https:\/\/maisonleretour.com\/wp-content\/uploads\/2022\/03\/DSC_2751-8x12.jpg 8w\" sizes=\"auto, (max-width: 600px) 100vw, 600px\" \/><\/a><figcaption>Kitchenette Maison_Le_Retour<\/figcaption><\/figure>\n\n\n\n<figure class=\"wp-block-image size-full\"><a href=\"https:\/\/maisonleretour.com\/wp-content\/uploads\/2022\/03\/Bathroom-2.jpg\"><img loading=\"lazy\" decoding=\"async\" width=\"600\" height=\"902\" data-id=\"20199\" src=\"https:\/\/maisonleretour.com\/wp-content\/uploads\/2022\/03\/Bathroom-2.jpg\" alt=\"\" class=\"wp-image-20199\" srcset=\"https:\/\/maisonleretour.com\/wp-content\/uploads\/2022\/03\/Bathroom-2.jpg 600w, https:\/\/maisonleretour.com\/wp-content\/uploads\/2022\/03\/Bathroom-2-200x300.jpg 200w, https:\/\/maisonleretour.com\/wp-content\/uploads\/2022\/03\/Bathroom-2-8x12.jpg 8w\" sizes=\"auto, (max-width: 600px) 100vw, 600px\" \/><\/a><figcaption>Bathroom Chambre Lulli\nMaison_Le_Retour<\/figcaption><\/figure>\n<\/figure>\n\n\n\n<div class=\"wp-block-columns are-vertically-aligned-top is-layout-flex wp-container-core-columns-is-layout-9d6595d7 wp-block-columns-is-layout-flex\">\n<div class=\"wp-block-column is-vertically-aligned-center is-layout-flow wp-block-column-is-layout-flow\" style=\"flex-basis:100%\">\n<figure class=\"wp-block-image size-full is-resized\"><img loading=\"lazy\" decoding=\"async\" src=\"https:\/\/maisonleretour.com\/wp-content\/uploads\/2022\/03\/Room.jpg\" alt=\"\" class=\"wp-image-20208\" width=\"371\" height=\"439\" srcset=\"https:\/\/maisonleretour.com\/wp-content\/uploads\/2022\/03\/Room.jpg 600w, https:\/\/maisonleretour.com\/wp-content\/uploads\/2022\/03\/Room-254x300.jpg 254w, https:\/\/maisonleretour.com\/wp-content\/uploads\/2022\/03\/Room-10x12.jpg 10w\" sizes=\"auto, (max-width: 371px) 100vw, 371px\" \/><figcaption>Room Lulli, Maison_Le_Retour <\/figcaption><\/figure>\n<\/div>\n<\/div>\n\n<\/div><\/div>\n\n<div class=\"gb-container gb-container-1936b001\"><div class=\"gb-inside-container\">\n\n<h4 class=\"gb-headline gb-headline-39e43a19\"><span class=\"gb-icon\"><svg viewbox=\"0 0 60 52.906\" xmlns=\"http:\/\/www.w3.org\/2000\/svg\"><path d=\"M24.104 10.505c1.5-.629 2.13-2.42 1.452-3.872l-2.372-4.985A2.893 2.893 0 0019.409.245c-4.114 1.742-7.648 4.017-10.455 6.776-3.437 3.242-5.76 6.969-7.018 11.084C.678 22.267 0 27.93 0 35.142v14.86a2.913 2.913 0 002.904 2.904h19.022a2.913 2.913 0 002.904-2.904V30.979a2.912 2.912 0 00-2.904-2.904h-9.1c.097-4.889 1.258-8.809 3.388-11.762 1.743-2.371 4.357-4.307 7.89-5.808zM58.276 10.505c1.5-.629 2.129-2.42 1.452-3.872l-2.372-4.937C56.678.292 55.033-.337 53.581.292 49.516 2.035 46.03 4.31 43.175 7.021c-3.437 3.291-5.808 7.018-7.067 11.133-1.258 4.065-1.887 9.729-1.887 16.989v14.86a2.913 2.913 0 002.904 2.904h19.022a2.913 2.913 0 002.904-2.904V30.98a2.912 2.912 0 00-2.904-2.904h-9.148c.097-4.889 1.259-8.809 3.388-11.762 1.742-2.372 4.356-4.308 7.889-5.809z\"><\/path><\/svg><\/span><span class=\"gb-headline-text\">What a lovely way to start a holiday. We were welcomed by Simone and Enrica who run the place, the room was elegant and cosy and the pool was a lovely addition. Great restaurant recommendations and friendly but unobtrusive service. Loved it.<\/span><\/h4>\n\n\n\n<p class=\"gb-headline gb-headline-0d6a2e2b gb-headline-text\">\u2013 Avis Tripadvisor<\/p>\n\n<\/div><\/div>\n\n<div class=\"gb-container gb-container-04baa7fc\"><div class=\"gb-inside-container\">\n<div class=\"gb-button-wrapper gb-button-wrapper-5ec65cae\">\n\n<a class=\"gb-button gb-button-9aa6ec87\" href=\"http:\/\/ww2.maisonleretour.com\/chambre-matilde\/\"><span class=\"gb-icon\"><svg viewbox=\"0 0 16 16\" class=\"bi bi-arrow-left\" fill=\"currentColor\" height=\"16\" width=\"16\" xmlns=\"http:\/\/www.w3.org\/2000\/svg\">   <path d=\"M15 8a.5.5 0 0 0-.5-.5H2.707l3.147-3.146a.5.5 0 1 0-.708-.708l-4 4a.5.5 0 0 0 0 .708l4 4a.5.5 0 0 0 .708-.708L2.707 8.5H14.5A.5.5 0 0 0 15 8z\" fill-rule=\"evenodd\"><\/path> <\/svg><\/span><span class=\"gb-button-text\">chambre \u00ab\u00a0Matilde\u00a0\u00bb<\/span><\/a>\n\n\n\n<a class=\"gb-button gb-button-ea5b0858\" href=\"http:\/\/ww2.maisonleretour.com\/chambre-enrica\/\"><span class=\"gb-button-text\">chambre \u00ab\u00a0Enrica\u00a0\u00bb<\/span><span class=\"gb-icon\"><svg viewbox=\"0 0 16 16\" class=\"bi bi-arrow-right\" fill=\"currentColor\" height=\"16\" width=\"16\" xmlns=\"http:\/\/www.w3.org\/2000\/svg\">   <path d=\"M1 8a.5.5 0 0 1 .5-.5h11.793l-3.147-3.146a.5.5 0 0 1 .708-.708l4 4a.5.5 0 0 1 0 .708l-4 4a.5.5 0 0 1-.708-.708L13.293 8.5H1.5A.5.5 0 0 1 1 8z\" fill-rule=\"evenodd\"><\/path> <\/svg><\/span><\/a>\n\n<\/div>\n<\/div><\/div>\n\n\n<p><\/p>","protected":false},"excerpt":{"rendered":"<p>Lulli, \u00ab\u00a0La petite maison\u00a0\u00bbpour deux personnes What a lovely way to start a holiday. We were welcomed by Simone and Enrica who run the place, the room was elegant and cosy and the pool was a lovely addition. Great restaurant recommendations and friendly but unobtrusive service. Loved it. \u2013 Avis Tripadvisor<\/p>","protected":false},"author":1,"featured_media":0,"parent":0,"menu_order":0,"comment_status":"closed","ping_status":"closed","template":"","meta":{"footnotes":""},"class_list":["post-19933","page","type-page","status-publish"],"aioseo_notices":[],"_links":{"self":[{"href":"https:\/\/maisonleretour.com\/en\/wp-json\/wp\/v2\/pages\/19933","targetHints":{"allow":["GET"]}}],"collection":[{"href":"https:\/\/maisonleretour.com\/en\/wp-json\/wp\/v2\/pages"}],"about":[{"href":"https:\/\/maisonleretour.com\/en\/wp-json\/wp\/v2\/types\/page"}],"author":[{"embeddable":true,"href":"https:\/\/maisonleretour.com\/en\/wp-json\/wp\/v2\/users\/1"}],"replies":[{"embeddable":true,"href":"https:\/\/maisonleretour.com\/en\/wp-json\/wp\/v2\/comments?post=19933"}],"version-history":[{"count":22,"href":"https:\/\/maisonleretour.com\/en\/wp-json\/wp\/v2\/pages\/19933\/revisions"}],"predecessor-version":[{"id":20256,"href":"https:\/\/maisonleretour.com\/en\/wp-json\/wp\/v2\/pages\/19933\/revisions\/20256"}],"wp:attachment":[{"href":"https:\/\/maisonleretour.com\/en\/wp-json\/wp\/v2\/media?parent=19933"}],"curies":[{"name":"wp","href":"https:\/\/api.w.org\/{rel}","templated":true}]}}