{"id":18421,"date":"2020-02-06T13:37:17","date_gmt":"2020-02-06T18:37:17","guid":{"rendered":"https:\/\/gpsites.co\/agency\/?page_id=18421"},"modified":"2022-07-10T11:24:13","modified_gmt":"2022-07-10T09:24:13","slug":"chambre-matilde","status":"publish","type":"page","link":"https:\/\/maisonleretour.com\/en\/chambre-matilde\/","title":{"rendered":"Chambre Matilde"},"content":{"rendered":"<div class=\"gb-container gb-container-d0829f3d\"><div class=\"gb-inside-container\">\n\n<h1 class=\"gb-headline gb-headline-007886a8 gb-headline-text\"><mark class=\"gb-highlight\">Matilde<\/mark>, un espace doux<br>pour deux personnes<\/h1>\n\n<\/div><\/div>\n\n<div class=\"gb-container gb-container-9113f02b\"><div class=\"gb-inside-container\">\n<div class=\"gb-grid-wrapper gb-grid-wrapper-12df935a\">\n<div class=\"gb-grid-column gb-grid-column-803aef5c\"><div class=\"gb-container gb-container-803aef5c\"><div class=\"gb-inside-container\">\n\n<h3 class=\"gb-headline gb-headline-79b4e799\"><span class=\"gb-icon\"><svg xmlns=\"http:\/\/www.w3.org\/2000\/svg\" viewbox=\"0 0 256 512\" width=\"1em\" height=\"1em\" aria-hidden=\"true\"><path d=\"M224.3 273l-136 136c-9.4 9.4-24.6 9.4-33.9 0l-22.6-22.6c-9.4-9.4-9.4-24.6 0-33.9l96.4-96.4-96.4-96.4c-9.4-9.4-9.4-24.6 0-33.9L54.3 103c9.4-9.4 24.6-9.4 33.9 0l136 136c9.5 9.4 9.5 24.6.1 34z\" fill=\"currentColor\"><\/path><\/svg><\/span><span class=\"gb-headline-text\">Un nid tranquille<\/span><\/h3>\n\n\n\n<p>Deux lits s\u00e9par\u00e9s rendent cette chambre id\u00e9ale en compl\u00e9ment de la Chambre Enrica.<\/p>\n\n\n\n<p>Vue sur le jardin et la piscine.<\/p>\n\n\n\n<p>La chambre est \u00e9quip\u00e9e de sa propre salle de bains avec douche et s\u00e8che cheveux.<\/p>\n\n\n\n<p>L&rsquo;entr\u00e9e, ind\u00e9pendante, se fait depuis le jardin.<\/p>\n\n\n\n<ul class=\"wp-block-list\"><li>WiFi disponible gratuitement<\/li><li>Nos chambres NE sont pas \u00e9quip\u00e9es de TV.<\/li><li>Il n\u2019y a pas de climatisation, un ventilateur est mis \u00e0 disposition de nos h\u00f4tes.<\/li><\/ul>\n\n<\/div><\/div><\/div>\n\n<div class=\"gb-grid-column gb-grid-column-c5e7f58b\"><div class=\"gb-container gb-container-c5e7f58b\"><div class=\"gb-inside-container\">\n\n<h3 class=\"gb-headline gb-headline-25913163\"><span class=\"gb-icon\"><svg xmlns=\"http:\/\/www.w3.org\/2000\/svg\" viewbox=\"0 0 256 512\" width=\"1em\" height=\"1em\" aria-hidden=\"true\"><path d=\"M224.3 273l-136 136c-9.4 9.4-24.6 9.4-33.9 0l-22.6-22.6c-9.4-9.4-9.4-24.6 0-33.9l96.4-96.4-96.4-96.4c-9.4-9.4-9.4-24.6 0-33.9L54.3 103c9.4-9.4 24.6-9.4 33.9 0l136 136c9.5 9.4 9.5 24.6.1 34z\" fill=\"currentColor\"><\/path><\/svg><\/span><span class=\"gb-headline-text\">un tarif accueillant<\/span><\/h3>\n\n\n\n<ul class=\"wp-block-list\"><li>100 euros par nuit du 1er octobre au 31 mars<\/li><li>120 euros par nuit du 1er avril au 30 septembre<br><\/li><li>Taxe de s\u00e9jour : 0,80 euros \/ nuit\u00e9e et par personne de plus de 18 ans.<\/li><\/ul>\n\n\n\n<h3 class=\"gb-headline gb-headline-761be977\"><span class=\"gb-icon\"><svg xmlns=\"http:\/\/www.w3.org\/2000\/svg\" viewbox=\"0 0 256 512\" width=\"1em\" height=\"1em\" aria-hidden=\"true\"><path d=\"M224.3 273l-136 136c-9.4 9.4-24.6 9.4-33.9 0l-22.6-22.6c-9.4-9.4-9.4-24.6 0-33.9l96.4-96.4-96.4-96.4c-9.4-9.4-9.4-24.6 0-33.9L54.3 103c9.4-9.4 24.6-9.4 33.9 0l136 136c9.5 9.4 9.5 24.6.1 34z\" fill=\"currentColor\"><\/path><\/svg><\/span><span class=\"gb-headline-text\">Arriv\u00e9e \/ D\u00e9part<\/span><\/h3>\n\n\n\n<ul class=\"wp-block-list\"><li>Arriv\u00e9e entre 14h et 18h<\/li><li>D\u00e9part avant 10h30<\/li><li>Arriv\u00e9e en dehors des horaires possible (nous pr\u00e9venir)<\/li><\/ul>\n\n<\/div><\/div><\/div>\n<\/div>\n<\/div><\/div>\n\n<div class=\"gb-container gb-container-0f7f1bd9\"><div class=\"gb-inside-container\">\n<div class=\"wp-block-image\">\n<figure class=\"aligncenter size-full\"><img loading=\"lazy\" decoding=\"async\" width=\"600\" height=\"450\" src=\"http:\/\/ww2.maisonleretour.com\/wp-content\/uploads\/2021\/07\/matildex.jpg\" alt=\"\" class=\"wp-image-19777\" srcset=\"https:\/\/maisonleretour.com\/wp-content\/uploads\/2021\/07\/matildex.jpg 600w, https:\/\/maisonleretour.com\/wp-content\/uploads\/2021\/07\/matildex-300x225.jpg 300w\" sizes=\"auto, (max-width: 600px) 100vw, 600px\" \/><figcaption>Chambre Matilde, Maison_Le_Retour<\/figcaption><\/figure>\n<\/div>\n<\/div><\/div>\n\n<div class=\"gb-container gb-container-68d5bed5\"><div class=\"gb-inside-container\">\n<div class=\"gb-grid-wrapper gb-grid-wrapper-4994ad8d\">\n<div class=\"gb-grid-column gb-grid-column-d2f9a630\"><div class=\"gb-container gb-container-d2f9a630\"><div class=\"gb-inside-container\">\n\n<h2 class=\"gb-headline gb-headline-928d2710 gb-headline-text\">Caract\u00e8res<\/h2>\n\n<\/div><\/div><\/div>\n\n<div class=\"gb-grid-column gb-grid-column-3933b821\"><div class=\"gb-container gb-container-3933b821\"><div class=\"gb-inside-container\">\n\n<ul class=\"wp-block-list\"><li>Lits : 2 lits jumeaux 90 cm<\/li><li>Chambre : 15 m2<\/li><li>Piscines : 8m x 4m (profondeur 1,10 \u00e0 1,95m)<\/li><li>Jardin : 2000 m2<\/li><\/ul>\n\n<\/div><\/div><\/div>\n<\/div>\n<\/div><\/div>\n\n<div class=\"gb-container gb-container-c9759787\"><div class=\"gb-inside-container\">\n\n<figure class=\"wp-block-gallery has-nested-images columns-default is-cropped wp-block-gallery-2 is-layout-flex wp-block-gallery-is-layout-flex\">\n<figure class=\"wp-block-image size-large\"><a href=\"https:\/\/maisonleretour.com\/wp-content\/uploads\/2021\/07\/matildex.jpg\"><img loading=\"lazy\" decoding=\"async\" width=\"600\" height=\"450\" data-id=\"19777\" src=\"http:\/\/ww2.maisonleretour.com\/wp-content\/uploads\/2021\/07\/matildex.jpg\" alt=\"\" class=\"wp-image-19777\" srcset=\"https:\/\/maisonleretour.com\/wp-content\/uploads\/2021\/07\/matildex.jpg 600w, https:\/\/maisonleretour.com\/wp-content\/uploads\/2021\/07\/matildex-300x225.jpg 300w\" sizes=\"auto, (max-width: 600px) 100vw, 600px\" \/><\/a><\/figure>\n\n\n\n<figure class=\"wp-block-image size-large\"><a href=\"https:\/\/maisonleretour.com\/wp-content\/uploads\/2021\/07\/matilde5.jpg\"><img loading=\"lazy\" decoding=\"async\" width=\"400\" height=\"600\" data-id=\"19776\" src=\"http:\/\/ww2.maisonleretour.com\/wp-content\/uploads\/2021\/07\/matilde5.jpg\" alt=\"\" class=\"wp-image-19776\" srcset=\"https:\/\/maisonleretour.com\/wp-content\/uploads\/2021\/07\/matilde5.jpg 400w, https:\/\/maisonleretour.com\/wp-content\/uploads\/2021\/07\/matilde5-200x300.jpg 200w\" sizes=\"auto, (max-width: 400px) 100vw, 400px\" \/><\/a><figcaption>Bidet, Chambre Matilde, Maison_Le_Retour<\/figcaption><\/figure>\n\n\n\n<figure class=\"wp-block-image size-large\"><a href=\"https:\/\/maisonleretour.com\/wp-content\/uploads\/2021\/07\/matilde4.jpg\"><img loading=\"lazy\" decoding=\"async\" width=\"400\" height=\"600\" data-id=\"19775\" src=\"http:\/\/ww2.maisonleretour.com\/wp-content\/uploads\/2021\/07\/matilde4.jpg\" alt=\"\" class=\"wp-image-19775\" srcset=\"https:\/\/maisonleretour.com\/wp-content\/uploads\/2021\/07\/matilde4.jpg 400w, https:\/\/maisonleretour.com\/wp-content\/uploads\/2021\/07\/matilde4-200x300.jpg 200w\" sizes=\"auto, (max-width: 400px) 100vw, 400px\" \/><\/a><figcaption>Bathroom, Maison_Le_Retour<\/figcaption><\/figure>\n\n\n\n<figure class=\"wp-block-image size-full\"><a href=\"https:\/\/maisonleretour.com\/wp-content\/uploads\/2021\/07\/gallery4.jpg\"><img loading=\"lazy\" decoding=\"async\" width=\"818\" height=\"430\" data-id=\"19833\" src=\"https:\/\/maisonleretour.com\/wp-content\/uploads\/2021\/07\/gallery4.jpg\" alt=\"\" class=\"wp-image-19833\" srcset=\"https:\/\/maisonleretour.com\/wp-content\/uploads\/2021\/07\/gallery4.jpg 818w, https:\/\/maisonleretour.com\/wp-content\/uploads\/2021\/07\/gallery4-300x158.jpg 300w, https:\/\/maisonleretour.com\/wp-content\/uploads\/2021\/07\/gallery4-768x404.jpg 768w\" sizes=\"auto, (max-width: 818px) 100vw, 818px\" \/><\/a><figcaption>La Terrasse, Chambre Matilde, <\/figcaption><\/figure>\n\n\n\n<figure class=\"wp-block-image size-large\"><a href=\"https:\/\/maisonleretour.com\/wp-content\/uploads\/2021\/07\/matilde2.jpg\"><img loading=\"lazy\" decoding=\"async\" width=\"600\" height=\"450\" data-id=\"19773\" src=\"http:\/\/ww2.maisonleretour.com\/wp-content\/uploads\/2021\/07\/matilde2.jpg\" alt=\"\" class=\"wp-image-19773\" srcset=\"https:\/\/maisonleretour.com\/wp-content\/uploads\/2021\/07\/matilde2.jpg 600w, https:\/\/maisonleretour.com\/wp-content\/uploads\/2021\/07\/matilde2-300x225.jpg 300w\" sizes=\"auto, (max-width: 600px) 100vw, 600px\" \/><\/a><figcaption>Twin_Beds, Matilde, Maison_Le_Retour<\/figcaption><\/figure>\n\n\n\n<figure class=\"wp-block-image size-large\"><a href=\"https:\/\/maisonleretour.com\/wp-content\/uploads\/2021\/07\/matilde1.jpg\"><img loading=\"lazy\" decoding=\"async\" width=\"600\" height=\"450\" data-id=\"19772\" src=\"http:\/\/ww2.maisonleretour.com\/wp-content\/uploads\/2021\/07\/matilde1.jpg\" alt=\"\" class=\"wp-image-19772\" srcset=\"https:\/\/maisonleretour.com\/wp-content\/uploads\/2021\/07\/matilde1.jpg 600w, https:\/\/maisonleretour.com\/wp-content\/uploads\/2021\/07\/matilde1-300x225.jpg 300w\" sizes=\"auto, (max-width: 600px) 100vw, 600px\" \/><\/a><\/figure>\n<\/figure>\n\n\n<div class=\"gb-grid-wrapper gb-grid-wrapper-5497aa78\">\n<div class=\"gb-grid-column gb-grid-column-4d1522ba\"><div class=\"gb-container gb-container-4d1522ba\"><div class=\"gb-inside-container\"><\/div><\/div><\/div>\n<\/div>\n<\/div><\/div>\n\n<div class=\"gb-container gb-container-1936b001\"><div class=\"gb-inside-container\">\n\n<h4 class=\"gb-headline gb-headline-39e43a19\"><span class=\"gb-icon\"><svg viewbox=\"0 0 60 52.906\" xmlns=\"http:\/\/www.w3.org\/2000\/svg\"><path d=\"M24.104 10.505c1.5-.629 2.13-2.42 1.452-3.872l-2.372-4.985A2.893 2.893 0 0019.409.245c-4.114 1.742-7.648 4.017-10.455 6.776-3.437 3.242-5.76 6.969-7.018 11.084C.678 22.267 0 27.93 0 35.142v14.86a2.913 2.913 0 002.904 2.904h19.022a2.913 2.913 0 002.904-2.904V30.979a2.912 2.912 0 00-2.904-2.904h-9.1c.097-4.889 1.258-8.809 3.388-11.762 1.743-2.371 4.357-4.307 7.89-5.808zM58.276 10.505c1.5-.629 2.129-2.42 1.452-3.872l-2.372-4.937C56.678.292 55.033-.337 53.581.292 49.516 2.035 46.03 4.31 43.175 7.021c-3.437 3.291-5.808 7.018-7.067 11.133-1.258 4.065-1.887 9.729-1.887 16.989v14.86a2.913 2.913 0 002.904 2.904h19.022a2.913 2.913 0 002.904-2.904V30.98a2.912 2.912 0 00-2.904-2.904h-9.148c.097-4.889 1.259-8.809 3.388-11.762 1.742-2.372 4.356-4.308 7.889-5.809z\"><\/path><\/svg><\/span><span class=\"gb-headline-text\">What a lovely way to start a holiday. We were welcomed by Simone and Enrica who run the place, the room was elegant and cosy and the pool was a lovely addition. Great restaurant recommendations and friendly but unobtrusive service. Loved it.<\/span><\/h4>\n\n\n\n<p class=\"gb-headline gb-headline-0d6a2e2b gb-headline-text\">\u2013 Commentaire client Booking.com <strong>9,1\/10<\/strong><\/p>\n\n<\/div><\/div>\n\n<div class=\"gb-container gb-container-7e8c1ad6\"><div class=\"gb-inside-container\">\n<div class=\"gb-button-wrapper gb-button-wrapper-896b0b30\">\n\n<a class=\"gb-button gb-button-b54f99af\" href=\"http:\/\/ww2.maisonleretour.com\/chambre-lulli\/\"><span class=\"gb-button-text\">chambre \u00ab\u00a0Lulli\u00a0\u00bb<\/span><span class=\"gb-icon\"><svg viewbox=\"0 0 16 16\" class=\"bi bi-arrow-right\" fill=\"currentColor\" height=\"16\" width=\"16\" xmlns=\"http:\/\/www.w3.org\/2000\/svg\">   <path d=\"M1 8a.5.5 0 0 1 .5-.5h11.793l-3.147-3.146a.5.5 0 0 1 .708-.708l4 4a.5.5 0 0 1 0 .708l-4 4a.5.5 0 0 1-.708-.708L13.293 8.5H1.5A.5.5 0 0 1 1 8z\" fill-rule=\"evenodd\"><\/path> <\/svg><\/span><\/a>\n\n<\/div>\n<\/div><\/div>\n\n\n<p><\/p>","protected":false},"excerpt":{"rendered":"<p>Matilde, un espace douxpour deux personnes What a lovely way to start a holiday. We were welcomed by Simone and Enrica who run the place, the room was elegant and cosy and the pool was a lovely addition. Great restaurant recommendations and friendly but unobtrusive service. Loved it. \u2013 Commentaire client Booking.com 9,1\/10<\/p>","protected":false},"author":1,"featured_media":0,"parent":0,"menu_order":0,"comment_status":"closed","ping_status":"closed","template":"","meta":{"footnotes":""},"class_list":["post-18421","page","type-page","status-publish"],"aioseo_notices":[],"_links":{"self":[{"href":"https:\/\/maisonleretour.com\/en\/wp-json\/wp\/v2\/pages\/18421","targetHints":{"allow":["GET"]}}],"collection":[{"href":"https:\/\/maisonleretour.com\/en\/wp-json\/wp\/v2\/pages"}],"about":[{"href":"https:\/\/maisonleretour.com\/en\/wp-json\/wp\/v2\/types\/page"}],"author":[{"embeddable":true,"href":"https:\/\/maisonleretour.com\/en\/wp-json\/wp\/v2\/users\/1"}],"replies":[{"embeddable":true,"href":"https:\/\/maisonleretour.com\/en\/wp-json\/wp\/v2\/comments?post=18421"}],"version-history":[{"count":29,"href":"https:\/\/maisonleretour.com\/en\/wp-json\/wp\/v2\/pages\/18421\/revisions"}],"predecessor-version":[{"id":20254,"href":"https:\/\/maisonleretour.com\/en\/wp-json\/wp\/v2\/pages\/18421\/revisions\/20254"}],"wp:attachment":[{"href":"https:\/\/maisonleretour.com\/en\/wp-json\/wp\/v2\/media?parent=18421"}],"curies":[{"name":"wp","href":"https:\/\/api.w.org\/{rel}","templated":true}]}}