{"id":17711,"date":"2020-02-04T16:56:51","date_gmt":"2020-02-04T21:56:51","guid":{"rendered":"https:\/\/gpsites.co\/agency\/?page_id=17711"},"modified":"2022-05-04T10:38:51","modified_gmt":"2022-05-04T08:38:51","slug":"map","status":"publish","type":"page","link":"https:\/\/maisonleretour.com\/en\/map\/","title":{"rendered":"Around"},"content":{"rendered":"<div class=\"gb-container gb-container-51802b4c\"><div class=\"gb-inside-container\">\n\n<h1 class=\"gb-headline gb-headline-3689c49d gb-headline-text\">A rich country <mark class=\"gb-highlight\">all around<\/mark>.<\/h1>\n\n<\/div><\/div>\n\n<div class=\"gb-container gb-container-a32d6d1c\"><div class=\"gb-inside-container\">\n<div class=\"gb-grid-wrapper gb-grid-wrapper-9f8a370f\">\n<div class=\"gb-grid-column gb-grid-column-fca4fc92\"><div class=\"gb-container gb-container-fca4fc92\"><div class=\"gb-inside-container\">\n\n<div class=\"wp-block-image\"><figure class=\"aligncenter size-large\"><img loading=\"lazy\" decoding=\"async\" width=\"1024\" height=\"1024\" src=\"http:\/\/ww2.maisonleretour.com\/wp-content\/uploads\/2021\/07\/2019-07-Chateau-de-Castellaras-17-09-23-1024x1024.jpg\" alt=\"\" class=\"wp-image-19963\" srcset=\"https:\/\/maisonleretour.com\/wp-content\/uploads\/2021\/07\/2019-07-Chateau-de-Castellaras-17-09-23.jpg 1024w, https:\/\/maisonleretour.com\/wp-content\/uploads\/2021\/07\/2019-07-Chateau-de-Castellaras-17-09-23-300x300.jpg 300w, https:\/\/maisonleretour.com\/wp-content\/uploads\/2021\/07\/2019-07-Chateau-de-Castellaras-17-09-23-150x150.jpg 150w, https:\/\/maisonleretour.com\/wp-content\/uploads\/2021\/07\/2019-07-Chateau-de-Castellaras-17-09-23-768x768.jpg 768w, https:\/\/maisonleretour.com\/wp-content\/uploads\/2021\/07\/2019-07-Chateau-de-Castellaras-17-09-23-12x12.jpg 12w\" sizes=\"auto, (max-width: 1024px) 100vw, 1024px\" \/><figcaption>Chateau de Castellaras &#8211; proximit\u00e9 Le Rouret<\/figcaption><\/figure><\/div>\n\n<\/div><\/div><\/div>\n\n<div class=\"gb-grid-column gb-grid-column-236e5403\"><div class=\"gb-container gb-container-236e5403\"><div class=\"gb-inside-container\">\n\n<h3 class=\"gb-headline gb-headline-e62c6ded gb-headline-text\">Le Rouret<\/h3>\n\n\n\n<p class=\"gb-headline gb-headline-b7b755e5 gb-headline-text\"><em>Alpes Maritimes<\/em><\/p>\n\n\n\n<p>Le Rouret is a charming and quite village in the Alpes Maritimes department (06), located between the Riviera and the Grasse Prealps. This region, with its typical hills, offers a wide variety of landscapes and the mild and temperate climate makes it an ideal holiday destination, between the Mediterranean sea and the mountains.<\/p>\n\n\n\n<p> <\/p>\n\n<\/div><\/div><\/div>\n\n<div class=\"gb-grid-column gb-grid-column-c1c9135f\"><div class=\"gb-container gb-container-c1c9135f\"><div class=\"gb-inside-container\">\n\n<p>Les amateurs du shopping trouveront aussi leur bonheur \u00e0 Cannes, rue d&rsquo;Antibes, ou dans le centre de Nice. Les curieux ne manqueront pas de visiter Grasse et ses c\u00e9l\u00e8bres parfumeries, les villages perch\u00e9s de Gourdon, dont le ch\u00e2teau offre une vue spectaculaire sur les gorges du Loup, Tourrettes-sur-Loup, ou bien encore Saint-Paul-de-Vence, r\u00e9put\u00e9 pour ses galeries d&rsquo;art et la Fondation Maeght. D\u2019autres jolis villages \u00e0 l\u2019architecture typique \u00e0 visiter&nbsp;: Valbonne et son march\u00e9 proven\u00e7al du vendredi, Biot et son verre bull\u00e9 et Mougins. <\/p>\n\n<\/div><\/div><\/div>\n\n<div class=\"gb-grid-column gb-grid-column-03310266\"><div class=\"gb-container gb-container-03310266\"><div class=\"gb-inside-container\">\n\n<p>The beaches of the C\u00f4te d'Azur are also very close, as it takes only half an hour to reach Cagnes-sur-Mer, Antibes, Cannes or Juan-les-Pins. From Cannes, it takes only 15 minutes by ferry to reach the islands of Saint Honorat and Sainte Marguerite.<\/p>\n\n<\/div><\/div><\/div>\n<\/div>\n<\/div><\/div>\n\n<div class=\"gb-container gb-container-ba848764\"><div class=\"gb-inside-container\">\n<div class=\"gb-grid-wrapper gb-grid-wrapper-b89fa26b\">\n<div class=\"gb-grid-column gb-grid-column-6e532b8b\"><div class=\"gb-container gb-container-6e532b8b\"><div class=\"gb-inside-container\">\n\n<h2 class=\"gb-headline gb-headline-5df9d0cf gb-headline-text\">Located between <mark class=\"gb-highlight\">Nice and Grasse<\/mark> <\/h2>\n\n<\/div><\/div><\/div>\n\n<div class=\"gb-grid-column gb-grid-column-e8bc001f\"><div class=\"gb-container gb-container-e8bc001f\"><div class=\"gb-inside-container\">\n\n<figure class=\"wp-block-image size-full\"><a href=\"https:\/\/www.google.com\/maps\/d\/viewer?mid=1XPRXyAffItVIR_xbGdLm2fHo3xfsrral&amp;z=10\" target=\"_blank\" rel=\"noopener\"><img loading=\"lazy\" decoding=\"async\" width=\"800\" height=\"492\" src=\"http:\/\/ww2.maisonleretour.com\/wp-content\/uploads\/2021\/07\/map-maison-le-retour.jpg\" alt=\"\" class=\"wp-image-20036\" srcset=\"https:\/\/maisonleretour.com\/wp-content\/uploads\/2021\/07\/map-maison-le-retour.jpg 800w, https:\/\/maisonleretour.com\/wp-content\/uploads\/2021\/07\/map-maison-le-retour-300x185.jpg 300w, https:\/\/maisonleretour.com\/wp-content\/uploads\/2021\/07\/map-maison-le-retour-768x472.jpg 768w, https:\/\/maisonleretour.com\/wp-content\/uploads\/2021\/07\/map-maison-le-retour-18x12.jpg 18w\" sizes=\"auto, (max-width: 800px) 100vw, 800px\" \/><\/a><figcaption>Cliquer sur la carte pour zoomer et naviguer.<\/figcaption><\/figure>\n\n<\/div><\/div><\/div>\n<\/div>\n<\/div><\/div>\n\n<div class=\"gb-container gb-container-b59cdb62\"><div class=\"gb-inside-container\">\n<div class=\"gb-grid-wrapper gb-grid-wrapper-7632ea1b\">\n<div class=\"gb-grid-column gb-grid-column-4435e683\"><div class=\"gb-container gb-container-4435e683\"><div class=\"gb-inside-container\">\n\n<h2 class=\"gb-headline gb-headline-bda19899 gb-headline-text\">How to get here <\/h2>\n\n<\/div><\/div><\/div>\n\n<div class=\"gb-grid-column gb-grid-column-429b8b56\"><div class=\"gb-container gb-container-429b8b56\"><div class=\"gb-inside-container\">\n\n<p class=\"gb-headline gb-headline-7f1cd81c\"><span class=\"gb-icon\"><svg aria-hidden=\"true\" role=\"img\" height=\"1em\" width=\"1em\" viewbox=\"0 0 384 512\" xmlns=\"http:\/\/www.w3.org\/2000\/svg\"><path fill=\"currentColor\" d=\"M172.268 501.67C26.97 291.031 0 269.413 0 192 0 85.961 85.961 0 192 0s192 85.961 192 192c0 77.413-26.97 99.031-172.268 309.67-9.535 13.774-29.93 13.773-39.464 0zM192 272c44.183 0 80-35.817 80-80s-35.817-80-80-80-80 35.817-80 80 35.817 80 80 80z\"><\/path><\/svg><\/span><span class=\"gb-headline-text\"><a rel=\"noreferrer noopener\" href=\"https:\/\/goo.gl\/maps\/RdAfJaXVTn6bZWCa6\" target=\"_blank\">Google map<\/a> <br>long.\/lat 43.67565, 7.01765<\/span><\/p>\n\n\n\n<p class=\"gb-headline gb-headline-cbf19031\"><span class=\"gb-icon\"><svg height=\"24px\" width=\"24px\" viewbox=\"0 0 24 24\" xmlns=\"http:\/\/www.w3.org\/2000\/svg\" fill=\"#000000\">    <path d=\"M 12 2 A 1 1 0 0 0 11.289062 2.296875 L 1.203125 11.097656 A 0.5 0.5 0 0 0 1 11.5 A 0.5 0.5 0 0 0 1.5 12 L 4 12 L 4 20 C 4 20.552 4.448 21 5 21 L 9 21 C 9.552 21 10 20.552 10 20 L 10 14 L 14 14 L 14 20 C 14 20.552 14.448 21 15 21 L 19 21 C 19.552 21 20 20.552 20 20 L 20 12 L 22.5 12 A 0.5 0.5 0 0 0 23 11.5 A 0.5 0.5 0 0 0 22.796875 11.097656 L 12.716797 2.3027344 A 1 1 0 0 0 12.710938 2.296875 A 1 1 0 0 0 12 2 z\"><\/path><\/svg><\/span><span class=\"gb-headline-text\">Maison Le Retour<br>7, chemin de la Gougourette<br>FR-06650 \u2013 Le Rouret<\/span><\/p>\n\n\n\n<p><br>Please send us a message to let us know your arrival time.<\/p>\n\n\n\n<p><\/p>\n\n<\/div><\/div><\/div>\n<\/div>\n<\/div><\/div>\n\n<div class=\"gb-container gb-container-07353a0b\"><div class=\"gb-inside-container\">\n<div class=\"gb-grid-wrapper gb-grid-wrapper-df0b2e41\">\n<div class=\"gb-grid-column gb-grid-column-6cc4691d\"><div class=\"gb-container gb-container-6cc4691d\"><div class=\"gb-inside-container\">\n\n<h2 class=\"gb-headline gb-headline-08225cef gb-headline-text\">Within reach <\/h2>\n\n<\/div><\/div><\/div>\n\n<div class=\"gb-grid-column gb-grid-column-0aa3adc1\"><div class=\"gb-container gb-container-0aa3adc1\"><div class=\"gb-inside-container\">\n\n<p>Quelques points d&rsquo;int\u00e9r\u00eat \u00e0 port\u00e9e de main&#8230;<\/p>\n\n\n\n<ul class=\"wp-block-list\"><li>Nice C\u00f4te d'Azur Airport : 20 km<\/li><li>Cannes : 21 km<\/li><li>Grasse : 10 km<\/li><li>Valbonne : 8 km<\/li><li>Gourdon : 13 km<\/li><li>Gr\u00e9oli\u00e8res Les Neiges : 25 km<\/li><li>Ventimiglia (Italy) : 67 km<\/li><li>Saint Tropez : 92 km<\/li><\/ul>\n\n\n\n<p><\/p>\n\n<\/div><\/div><\/div>\n<\/div>\n<\/div><\/div>","protected":false},"excerpt":{"rendered":"<p>Un pays riche aux alentours.<\/p>","protected":false},"author":1,"featured_media":0,"parent":0,"menu_order":0,"comment_status":"closed","ping_status":"closed","template":"","meta":{"footnotes":""},"class_list":["post-17711","page","type-page","status-publish"],"aioseo_notices":[],"_links":{"self":[{"href":"https:\/\/maisonleretour.com\/en\/wp-json\/wp\/v2\/pages\/17711","targetHints":{"allow":["GET"]}}],"collection":[{"href":"https:\/\/maisonleretour.com\/en\/wp-json\/wp\/v2\/pages"}],"about":[{"href":"https:\/\/maisonleretour.com\/en\/wp-json\/wp\/v2\/types\/page"}],"author":[{"embeddable":true,"href":"https:\/\/maisonleretour.com\/en\/wp-json\/wp\/v2\/users\/1"}],"replies":[{"embeddable":true,"href":"https:\/\/maisonleretour.com\/en\/wp-json\/wp\/v2\/comments?post=17711"}],"version-history":[{"count":32,"href":"https:\/\/maisonleretour.com\/en\/wp-json\/wp\/v2\/pages\/17711\/revisions"}],"predecessor-version":[{"id":20237,"href":"https:\/\/maisonleretour.com\/en\/wp-json\/wp\/v2\/pages\/17711\/revisions\/20237"}],"wp:attachment":[{"href":"https:\/\/maisonleretour.com\/en\/wp-json\/wp\/v2\/media?parent=17711"}],"curies":[{"name":"wp","href":"https:\/\/api.w.org\/{rel}","templated":true}]}}