{"id":17703,"date":"2020-02-04T16:55:26","date_gmt":"2020-02-04T21:55:26","guid":{"rendered":"https:\/\/gpsites.co\/agency\/?page_id=17703"},"modified":"2023-03-12T18:33:11","modified_gmt":"2023-03-12T17:33:11","slug":"services-prestations","status":"publish","type":"page","link":"https:\/\/maisonleretour.com\/en\/services-prestations\/","title":{"rendered":"Services"},"content":{"rendered":"<div class=\"gb-container gb-container-acb25a42\"><div class=\"gb-inside-container\">\n<div class=\"gb-grid-wrapper gb-grid-wrapper-3b204ed6\">\n<div class=\"gb-grid-column gb-grid-column-539eabc0\"><div class=\"gb-container gb-container-539eabc0\"><div class=\"gb-inside-container\">\n\n<h1 class=\"gb-headline gb-headline-1f481d32 gb-headline-text\">Les <mark class=\"gb-highlight\">Services<\/mark>, <mark class=\"gb-highlight\">Services<\/mark> et <mark class=\"gb-highlight\">Conditions<\/mark><\/h1>\n\n<\/div><\/div><\/div>\n\n<div class=\"gb-grid-column gb-grid-column-e7abf70b\"><div class=\"gb-container gb-container-e7abf70b\"><div class=\"gb-inside-container\">\n\n<figure class=\"wp-block-image size-full\"><img loading=\"lazy\" decoding=\"async\" width=\"818\" height=\"430\" src=\"https:\/\/maisonleretour.com\/wp-content\/uploads\/2021\/07\/gallery5.jpg\" alt=\"\" class=\"wp-image-19832\" srcset=\"https:\/\/maisonleretour.com\/wp-content\/uploads\/2021\/07\/gallery5.jpg 818w, https:\/\/maisonleretour.com\/wp-content\/uploads\/2021\/07\/gallery5-300x158.jpg 300w, https:\/\/maisonleretour.com\/wp-content\/uploads\/2021\/07\/gallery5-768x404.jpg 768w\" sizes=\"auto, (max-width: 818px) 100vw, 818px\" \/><\/figure>\n\n<\/div><\/div><\/div>\n<\/div>\n<\/div><\/div>\n\n<div class=\"gb-container gb-container-69de4883\"><div class=\"gb-inside-container\">\n<div class=\"gb-grid-wrapper gb-grid-wrapper-872875cf\">\n<div class=\"gb-grid-column gb-grid-column-78188e22\"><div class=\"gb-container gb-container-78188e22\"><div class=\"gb-inside-container\">\n\n<h2 class=\"gb-headline gb-headline-e48f5148 gb-headline-text\">Services<\/h2>\n\n<\/div><\/div><\/div>\n\n<div class=\"gb-grid-column gb-grid-column-1baafca7\"><div class=\"gb-container gb-container-1baafca7\"><div class=\"gb-inside-container\">\n<div class=\"gb-grid-wrapper gb-grid-wrapper-b2c26c5a\">\n<div class=\"gb-grid-column gb-grid-column-4b017189\"><div class=\"gb-container gb-container-4b017189\"><div class=\"gb-inside-container\">\n\n<h3 class=\"gb-headline gb-headline-e455c1cb\"><span class=\"gb-icon\"><svg version=\"1.1\" id=\"Capa_1\" xmlns=\"http:\/\/www.w3.org\/2000\/svg\" xmlns:xlink=\"http:\/\/www.w3.org\/1999\/xlink\" x=\"0px\" y=\"0px\" viewbox=\"0 0 297 297\" style=\"enable-background:new 0 0 297 297;\" xml:space=\"preserve\"> <g> \t<path d=\"M87.541,186.333c-8.128,1.748-16.533,3.556-33.087,3.556c-16.553,0-24.958-1.808-33.087-3.556 \t\tc-6.05-1.301-11.835-2.545-21.368-3.002v35.735c11.339,0.487,18.184,1.956,24.837,3.386c7.621,1.638,14.819,3.186,29.618,3.186 \t\tc14.799,0,21.998-1.548,29.618-3.186c8.128-1.747,16.533-3.555,33.087-3.555c16.551,0,24.955,1.808,33.083,3.555 \t\tc7.62,1.638,14.817,3.186,29.614,3.186c14.798,0,21.995-1.548,29.615-3.186c8.127-1.747,16.531-3.555,33.083-3.555 \t\tc16.551,0,24.955,1.808,33.083,3.555c6.046,1.3,11.841,2.54,21.363,2.998v-35.728c-11.341-0.486-18.179-1.958-24.832-3.389 \t\tc-7.62-1.638-14.817-3.186-29.614-3.186c-14.797,0-21.994,1.548-29.613,3.186c-8.128,1.748-16.532,3.556-33.085,3.556 \t\tc-16.551,0-24.955-1.808-33.083-3.556c-7.62-1.638-14.816-3.186-29.613-3.186C102.361,183.147,95.162,184.695,87.541,186.333z\"><\/path> \t<path d=\"M54.455,277.889c14.799,0,21.998-1.548,29.618-3.186c8.128-1.748,16.533-3.556,33.087-3.556 \t\tc16.551,0,24.955,1.808,33.084,3.556c7.62,1.639,14.816,3.186,29.613,3.186c14.798,0,21.995-1.548,29.615-3.186 \t\tc8.127-1.748,16.531-3.556,33.083-3.556c16.551,0,24.955,1.808,33.084,3.556c6.048,1.301,11.832,2.545,21.362,3.002v-35.735 \t\tc-11.336-0.487-18.18-1.956-24.832-3.386c-7.62-1.639-14.817-3.186-29.614-3.186c-14.797,0-21.995,1.548-29.614,3.186 \t\tc-8.127,1.747-16.532,3.555-33.084,3.555c-16.551,0-24.955-1.808-33.083-3.555c-7.62-1.639-14.817-3.186-29.614-3.186 \t\tc-14.799,0-21.998,1.548-29.618,3.186c-8.128,1.747-16.533,3.555-33.087,3.555c-16.553,0-24.958-1.808-33.087-3.555 \t\tc-6.047-1.3-11.843-2.54-21.368-2.998v35.728c11.343,0.486,18.183,1.958,24.837,3.389 \t\tC32.457,276.341,39.656,277.889,54.455,277.889z\"><\/path> \t<path d=\"M141.797,168.518v-12.103h57.161v15.776c3.879-0.562,7.156-1.266,10.514-1.988c3.17-0.682,6.39-1.372,10.111-1.961V58.594 \t\tc0-10.398,8.46-18.857,18.857-18.857c10.398,0,18.858,8.459,18.858,18.857v9.722c0,5.695,4.617,10.313,10.313,10.313 \t\tc5.695,0,10.313-4.618,10.313-10.313v-9.722c0-21.771-17.711-39.482-39.483-39.482h-77.785c-21.771,0-39.482,17.711-39.482,39.482 \t\tv108.095C130.075,166.86,136.435,167.592,141.797,168.518z M160.654,39.736h43.106c-2.972,5.444-4.69,11.663-4.788,18.267h-57.146 \t\tC142.142,47.88,150.456,39.736,160.654,39.736z M141.797,78.629h57.161v18.268h-57.161V78.629z M141.797,117.522h57.161v18.267 \t\th-57.161V117.522z\"><\/path> <\/g><\/svg><\/span><span class=\"gb-headline-text\">Swimming pool<\/span><\/h3>\n\n<\/div><\/div><\/div>\n\n<div class=\"gb-grid-column gb-grid-column-95917f35\"><div class=\"gb-container gb-container-95917f35\"><div class=\"gb-inside-container\">\n\n<h3 class=\"gb-headline gb-headline-63f2db57\"><span class=\"gb-icon\"><svg xml:space=\"preserve\" style=\"enable-background:new 0 0 475.558 475.558;\" viewbox=\"0 0 475.558 475.558\" y=\"0px\" x=\"0px\" xmlns:xlink=\"http:\/\/www.w3.org\/1999\/xlink\" xmlns=\"http:\/\/www.w3.org\/2000\/svg\" id=\"Capa_1\" version=\"1.1\"> <g id=\"XMLID_136_\"> \t<path d=\"M259.988,404.297c0,14.408,11.67,26.079,26.078,26.079s26.078-11.671,26.078-26.079 \t\tc0-9.43-9.647-20.494-17.311-31.621c-4.198-6.094-13.164-6.092-17.368-0.001C269.8,383.78,259.988,394.887,259.988,404.297z\" id=\"XMLID_137_\"><\/path> \t<path d=\"M331.95,343.465c0,14.408,11.67,26.077,26.078,26.077s26.078-11.669,26.078-26.077 \t\tc0-9.425-9.646-20.491-17.312-31.619c-4.198-6.095-13.165-6.093-17.369-0.002C341.761,322.951,331.95,334.06,331.95,343.465z\" id=\"XMLID_138_\"><\/path> \t<path d=\"M188.026,343.465c0,14.408,11.67,26.077,26.078,26.077c14.408,0,26.078-11.669,26.078-26.077 \t\tc0-9.425-9.646-20.491-17.311-31.619c-4.198-6.095-13.166-6.093-17.369-0.002C197.838,322.951,188.026,334.06,188.026,343.465z\" id=\"XMLID_139_\"><\/path> \t<path d=\"M258.763,111.628c-54.178,9.808-95.189,48.058-97.801,94.514c-0.063,1.226,0.365,2.428,1.211,3.319 \t\tc0.843,0.892,2.021,1.4,3.247,1.4h241.294c1.225,0,2.404-0.509,3.23-1.4c0.845-0.892,1.29-2.093,1.227-3.319 \t\tc-2.69-47.77-45.932-86.887-102.401-95.294C298.931,48.16,244.722,0,179.304,0c-72.36,0-131.22,58.868-131.22,131.219v319.884 \t\tc0,13.51,10.954,24.454,24.454,24.454c13.502,0,24.454-10.944,24.454-24.454V131.219c0-45.39,36.921-82.311,82.311-82.311 \t\tC217.624,48.908,249.64,75.361,258.763,111.628z\" id=\"XMLID_140_\"><\/path> \t<path d=\"M411.171,234.001H160.962c-9.012,0-16.302,7.3-16.302,16.302c0,9.005,7.29,16.303,16.302,16.303h250.209 \t\tc9.012,0,16.303-7.298,16.303-16.303C427.474,241.302,420.183,234.001,411.171,234.001z\" id=\"XMLID_141_\"><\/path> <\/g><\/svg><\/span><span class=\"gb-headline-text\">Shower<\/span><\/h3>\n\n<\/div><\/div><\/div>\n\n<div class=\"gb-grid-column gb-grid-column-8526ba30\"><div class=\"gb-container gb-container-8526ba30\"><div class=\"gb-inside-container\">\n\n<h3 class=\"gb-headline gb-headline-fd4aeeed\"><span class=\"gb-icon\"><svg version=\"1.1\" id=\"Layer_1\" xmlns=\"http:\/\/www.w3.org\/2000\/svg\" xmlns:xlink=\"http:\/\/www.w3.org\/1999\/xlink\" x=\"0px\" y=\"0px\" viewbox=\"0 0 512 512\" style=\"enable-background:new 0 0 512 512;\" xml:space=\"preserve\"> <g><g><g><path d=\"M256,0C114.618,0,0,114.618,0,256s114.618,256,256,256s256-114.618,256-256S397.382,0,256,0z M256,469.333 c-117.818,0-213.333-95.515-213.333-213.333S138.182,42.667,256,42.667S469.333,138.182,469.333,256S373.818,469.333,256,469.333 \t\t\t\tz\"><\/path><path d=\"M277.333,106.667h-64C201.551,106.667,192,116.218,192,128v128v149.333c0,11.782,9.551,21.333,21.333,21.333 \t\t\t\tc11.782,0,21.333-9.551,21.333-21.333v-128h42.667c47.131,0,85.333-38.202,85.333-85.333S324.465,106.667,277.333,106.667z M277.333,234.667h-42.667v-85.333h42.667C300.901,149.333,320,168.433,320,192S300.901,234.667,277.333,234.667z\"><\/path><\/g><\/g><\/g><\/svg><\/span><span class=\"gb-headline-text\">Parking<\/span><\/h3>\n\n<\/div><\/div><\/div>\n\n<div class=\"gb-grid-column gb-grid-column-2ac0b728\"><div class=\"gb-container gb-container-2ac0b728\"><div class=\"gb-inside-container\">\n\n<h3 class=\"gb-headline gb-headline-dff070ac\"><span class=\"gb-icon\"><svg xml:space=\"preserve\" style=\"enable-background:new 0 0 489.3 489.3;\" viewbox=\"0 0 489.3 489.3\" y=\"0px\" x=\"0px\" xmlns:xlink=\"http:\/\/www.w3.org\/1999\/xlink\" xmlns=\"http:\/\/www.w3.org\/2000\/svg\" id=\"Capa_1\" version=\"1.1\"> <g> \t<g> \t\t<path d=\"M79.55,229.675c-10.2,10.2-10.2,26.8,0,37.1c10.2,10.2,26.8,10.2,37.1,0c70.6-70.6,185.5-70.6,256.1,0 \t\t\tc5.1,5.1,11.8,7.7,18.5,7.7s13.4-2.6,18.5-7.7c10.2-10.2,10.2-26.8,0-37.1C318.75,138.575,170.55,138.575,79.55,229.675z\"><\/path> \t\t<path d=\"M150.35,300.475c-10.2,10.2-10.2,26.8,0,37.1c10.2,10.2,26.8,10.2,37.1,0c31.5-31.6,82.9-31.6,114.4,0 \t\t\tc5.1,5.1,11.8,7.7,18.5,7.7s13.4-2.6,18.5-7.7c10.2-10.2,10.2-26.8,0-37C286.95,248.475,202.35,248.475,150.35,300.475z\"><\/path> \t\t<circle r=\"34.9\" cy=\"394.675\" cx=\"244.65\"><\/circle> \t\t<path d=\"M481.65,157.675c-130.7-130.6-343.3-130.6-474,0c-10.2,10.2-10.2,26.8,0,37.1c10.2,10.2,26.8,10.2,37.1,0 \t\t\tc110.2-110.3,289.6-110.3,399.9,0c5.1,5.1,11.8,7.7,18.5,7.7s13.4-2.6,18.5-7.7C491.85,184.575,491.85,167.975,481.65,157.675z\"><\/path> \t<\/g> <\/g><\/svg><\/span><span class=\"gb-headline-text\">Wi-Fi<\/span><\/h3>\n\n<\/div><\/div><\/div>\n\n<div class=\"gb-grid-column gb-grid-column-66efc358\"><div class=\"gb-container gb-container-66efc358\"><div class=\"gb-inside-container\">\n\n<h3 class=\"gb-headline gb-headline-8039d3a9\"><span class=\"gb-icon\"><svg xml:space=\"preserve\" style=\"enable-background:new 0 0 512.001 512.001;\" viewbox=\"0 0 512.001 512.001\" y=\"0px\" x=\"0px\" xmlns:xlink=\"http:\/\/www.w3.org\/1999\/xlink\" xmlns=\"http:\/\/www.w3.org\/2000\/svg\" id=\"Layer_1\" version=\"1.1\"> <g> \t<g> \t\t<path d=\"M501.629,255.993c-15.774-12.927-44.314-34.628-75.136-49.914c21.174-37.415,29.378-90.763,32.488-122.105 \t\t\tc0.841-8.485-2.131-16.81-8.155-22.844c-6.17-6.174-14.53-8.999-22.854-8.174c-31.33,3.109-84.667,11.308-122.087,32.474 \t\t\tc-15.285-30.79-36.963-59.3-49.874-75.057c-5.405-6.592-13.397-10.372-21.945-10.372c-8.526,0.003-16.514,3.787-21.919,10.38 \t\t\tc-13.954,17.027-37.158,47.712-52.393,80.283c-19.972-12.981-39.365-22.975-50.596-28.425c-7.497-3.637-16.694-3.722-24.271-0.218 \t\t\tc-7.739,3.579-13.408,10.362-15.549,18.613c-9.707,37.395-22.941,105.507-5.284,149.701 \t\t\tc-22.119,11.652-42.254,26.818-53.497,35.881C3.844,271.626-0.006,279.677,0,288.296c0.002,8.615,3.854,16.659,10.564,22.068 \t\t\tc24.45,19.708,71.252,52.771,109.991,52.771c0.001,0,0.001,0,0.002,0c1.6,0,3.216-0.047,4.841-0.115l-74.043,74.042 \t\t\tc-6.494,6.494-6.494,17.023,0,23.517c6.493,6.494,17.023,6.495,23.517,0l74.116-74.116c-0.072,1.672-0.122,3.337-0.122,4.982 \t\t\tc0,38.737,33.062,85.54,52.771,109.991c5.409,6.709,13.452,10.561,22.066,10.564c0.002,0,0.011,0,0.013,0 \t\t\tc8.617,0,16.662-3.848,22.071-10.557c10.929-13.559,25.014-32.753,35.899-53.491c14.378,5.738,32.378,8.645,53.59,8.646 \t\t\tc0.005,0,0.005,0,0.01,0c36.885,0,76.033-8.732,96.085-13.937c8.249-2.142,15.033-7.809,18.609-15.549 \t\t\tc3.584-7.754,3.504-16.601-0.217-24.271c-5.45-11.232-15.445-30.627-28.425-50.596c32.569-15.235,63.254-38.438,80.28-52.392 \t\t\tc6.593-5.401,10.377-13.39,10.382-21.922C512.002,269.393,508.223,261.396,501.629,255.993z M390.486,328.968 \t\t\tc-5.018,1.722-8.915,5.734-10.487,10.801c-1.572,5.068-0.632,10.58,2.529,14.84c15.153,20.413,27.445,43.019,34.637,57.337 \t\t\tc-19.613,4.815-51.898,11.393-81.88,11.393c-0.002,0-0.005,0-0.008,0c-28.812-0.002-41.538-5.525-53.062-12.186 \t\t\tc-4.142-2.393-9.114-2.889-13.648-1.355c-4.533,1.532-8.186,4.942-10.025,9.36c-8.923,21.429-24.385,43.177-34.83,56.59 \t\t\tc-26.127-33.474-41.587-64.712-41.587-84.305c0-16.749,5.176-35.713,14.227-52.346l25.371-25.371l84.844,64.317 \t\t\tc7.319,5.55,17.753,4.111,23.298-3.206c5.549-7.319,4.113-17.75-3.206-23.298l-81.196-61.552l20.934-20.934L370.694,296.2 \t\t\tc8.887,2.313,17.969-3.016,20.282-11.904c2.313-8.888-3.017-17.969-11.904-20.282l-85.404-22.229l56.007-56.007 \t\t\tc6.494-6.494,6.494-17.023,0-23.517c-6.493-6.494-17.023-6.494-23.517,0l-56.404,56.404l-22.508-86.481 \t\t\tc-2.313-8.888-11.388-14.218-20.282-11.904c-8.889,2.314-14.217,11.394-11.904,20.282l27.426,105.373l-20.63,20.63l-62.137-81.968 \t\t\tc-5.548-7.318-15.977-8.756-23.298-3.206c-7.319,5.549-8.754,15.98-3.206,23.298l64.901,85.614l-25.503,25.503 \t\t\tc-16.564,8.952-35.405,14.067-52.055,14.067c-19.595,0-50.832-15.459-84.305-41.587c13.411-10.443,35.157-25.904,56.59-34.83 \t\t\tc4.416-1.839,7.827-5.491,9.359-10.023c1.533-4.532,1.04-9.504-1.354-13.647c-1.798-3.113-3.414-6.216-4.802-9.226 \t\t\tc-11.1-24.041-9.564-70.754,4.004-125.73c14.317,7.19,36.923,19.482,57.344,34.639c4.26,3.163,9.77,4.102,14.84,2.529 \t\t\tc5.066-1.572,9.079-5.469,10.8-10.487c11.202-32.654,37.127-67.878,51.05-85.363c14.693,18.412,37.394,49.677,49.162,80.199 \t\t\tc1.933,5.014,6.172,8.786,11.378,10.124c5.209,1.337,10.738,0.075,14.85-3.386c20.272-17.068,63.276-30.546,115.78-36.406 \t\t\tc-5.865,52.529-19.35,95.542-36.427,115.803c-3.466,4.112-4.729,9.647-3.391,14.856c1.339,5.208,5.114,9.449,10.134,11.381 \t\t\tc30.552,11.758,61.851,34.484,80.281,49.194C458.361,291.842,423.137,317.767,390.486,328.968z\"><\/path> \t<\/g> <\/g><\/svg><\/span><span class=\"gb-headline-text\">Garden <\/span><\/h3>\n\n<\/div><\/div><\/div>\n<\/div>\n\n\n<p><br>Please note that No TV is available in our rooms<\/p>\n\n\n\n<p>English spoken<br>Parliamo italiano<\/p>\n\n<\/div><\/div><\/div>\n<\/div>\n<\/div><\/div>\n\n<div class=\"gb-container gb-container-a93da07c\"><div class=\"gb-inside-container\">\n<div class=\"gb-grid-wrapper gb-grid-wrapper-8e1d9c6b\">\n<div class=\"gb-grid-column gb-grid-column-1bfe7a77\"><div class=\"gb-container gb-container-1bfe7a77\"><div class=\"gb-inside-container\">\n\n<h3 class=\"gb-headline gb-headline-9c512062\"><span class=\"gb-icon\"><svg xmlns=\"http:\/\/www.w3.org\/2000\/svg\" viewbox=\"0 0 512 512\" height=\"512px\" width=\"512px\"><title>ionicons-v5-a<\/title><path d=\"M256,256c-13.47,0-26.94-2.39-37.44-7.17l-148-67.49C63.79,178.26,48,169.25,48,152.24s15.79-26,22.58-29.12L219.86,55.05c20.57-9.4,51.61-9.4,72.19,0l149.37,68.07c6.79,3.09,22.58,12.1,22.58,29.12s-15.79,26-22.58,29.11l-148,67.48C282.94,253.61,269.47,256,256,256ZM432.76,155.14h0Z\"><\/path><path d=\"M441.36,226.81,426.27,220,387.5,237.74l-94,43c-10.5,4.8-24,7.19-37.44,7.19s-26.93-2.39-37.42-7.19l-94.07-43L85.79,220l-15.22,6.84C63.79,229.93,48,239,48,256s15.79,26.08,22.56,29.17l148,67.63C229,357.6,242.49,360,256,360s26.94-2.4,37.44-7.19L441.31,285.2C448.12,282.11,464,273.09,464,256S448.23,229.93,441.36,226.81Z\"><\/path><path d=\"M441.36,330.8,426.27,324,387.5,341.73l-94,42.95c-10.5,4.78-24,7.18-37.44,7.18s-26.93-2.39-37.42-7.18l-94.07-43L85.79,324l-15.22,6.84C63.79,333.93,48,343,48,360s15.79,26.07,22.56,29.15l148,67.59C229,461.52,242.54,464,256,464s26.88-2.48,37.38-7.27l147.92-67.57C448.12,386.08,464,377.06,464,360S448.23,333.93,441.36,330.8Z\"><\/path><\/svg><\/span><span class=\"gb-headline-text\">Les services inclus dans le prix<\/span><\/h3>\n\n\n\n<p class=\"gb-headline gb-headline-dd009d1f\"><span class=\"gb-icon\"><svg aria-hidden=\"true\" height=\"1em\" width=\"1em\" viewbox=\"0 0 256 512\" xmlns=\"http:\/\/www.w3.org\/2000\/svg\"><path fill=\"currentColor\" d=\"M224.3 273l-136 136c-9.4 9.4-24.6 9.4-33.9 0l-22.6-22.6c-9.4-9.4-9.4-24.6 0-33.9l96.4-96.4-96.4-96.4c-9.4-9.4-9.4-24.6 0-33.9L54.3 103c9.4-9.4 24.6-9.4 33.9 0l136 136c9.5 9.4 9.5 24.6.1 34z\"><\/path><\/svg><\/span><span class=\"gb-headline-text\">Linge de lit et serviettes<\/span><\/p>\n\n\n\n<p class=\"gb-headline gb-headline-94c0726a\"><span class=\"gb-icon\"><svg aria-hidden=\"true\" height=\"1em\" width=\"1em\" viewbox=\"0 0 256 512\" xmlns=\"http:\/\/www.w3.org\/2000\/svg\"><path fill=\"currentColor\" d=\"M224.3 273l-136 136c-9.4 9.4-24.6 9.4-33.9 0l-22.6-22.6c-9.4-9.4-9.4-24.6 0-33.9l96.4-96.4-96.4-96.4c-9.4-9.4-9.4-24.6 0-33.9L54.3 103c9.4-9.4 24.6-9.4 33.9 0l136 136c9.5 9.4 9.5 24.6.1 34z\"><\/path><\/svg><\/span><span class=\"gb-headline-text\">S\u00e9choir<\/span><\/p>\n\n\n\n<p class=\"gb-headline gb-headline-5bdd76a1\"><span class=\"gb-icon\"><svg aria-hidden=\"true\" height=\"1em\" width=\"1em\" viewbox=\"0 0 256 512\" xmlns=\"http:\/\/www.w3.org\/2000\/svg\"><path fill=\"currentColor\" d=\"M224.3 273l-136 136c-9.4 9.4-24.6 9.4-33.9 0l-22.6-22.6c-9.4-9.4-9.4-24.6 0-33.9l96.4-96.4-96.4-96.4c-9.4-9.4-9.4-24.6 0-33.9L54.3 103c9.4-9.4 24.6-9.4 33.9 0l136 136c9.5 9.4 9.5 24.6.1 34z\"><\/path><\/svg><\/span><span class=\"gb-headline-text\">Connexion internet par WiFi<\/span><\/p>\n\n\n\n<p class=\"gb-headline gb-headline-a271a4ee\"><span class=\"gb-icon\"><svg aria-hidden=\"true\" height=\"1em\" width=\"1em\" viewbox=\"0 0 256 512\" xmlns=\"http:\/\/www.w3.org\/2000\/svg\"><path fill=\"currentColor\" d=\"M224.3 273l-136 136c-9.4 9.4-24.6 9.4-33.9 0l-22.6-22.6c-9.4-9.4-9.4-24.6 0-33.9l96.4-96.4-96.4-96.4c-9.4-9.4-9.4-24.6 0-33.9L54.3 103c9.4-9.4 24.6-9.4 33.9 0l136 136c9.5 9.4 9.5 24.6.1 34z\"><\/path><\/svg><\/span><span class=\"gb-headline-text\">Parking<\/span><\/p>\n\n\n\n<p class=\"gb-headline gb-headline-381d9fcb\"><span class=\"gb-icon\"><svg aria-hidden=\"true\" height=\"1em\" width=\"1em\" viewbox=\"0 0 256 512\" xmlns=\"http:\/\/www.w3.org\/2000\/svg\"><path fill=\"currentColor\" d=\"M224.3 273l-136 136c-9.4 9.4-24.6 9.4-33.9 0l-22.6-22.6c-9.4-9.4-9.4-24.6 0-33.9l96.4-96.4-96.4-96.4c-9.4-9.4-9.4-24.6 0-33.9L54.3 103c9.4-9.4 24.6-9.4 33.9 0l136 136c9.5 9.4 9.5 24.6.1 34z\"><\/path><\/svg><\/span><span class=\"gb-headline-text\">Acc\u00e8s \u00e0 la piscine<\/span><\/p>\n\n<\/div><\/div><\/div>\n\n<div class=\"gb-grid-column gb-grid-column-092a557d\"><div class=\"gb-container gb-container-092a557d\"><div class=\"gb-inside-container\">\n\n<h3 class=\"gb-headline gb-headline-9c59c995\"><span class=\"gb-icon\"><svg xmlns=\"http:\/\/www.w3.org\/2000\/svg\" viewbox=\"0 0 512 512\" height=\"512px\" width=\"512px\"><title>ionicons-v5-o<\/title><path d=\"M218.1,167.17c0,13,0,25.6,4.1,37.4-43.1,50.6-156.9,184.3-167.5,194.5a20.17,20.17,0,0,0-6.7,15c0,8.5,5.2,16.7,9.6,21.3,6.6,6.9,34.8,33,40,28,15.4-15,18.5-19,24.8-25.2,9.5-9.3-1-28.3,2.3-36s6.8-9.2,12.5-10.4,15.8,2.9,23.7,3c8.3.1,12.8-3.4,19-9.2,5-4.6,8.6-8.9,8.7-15.6.2-9-12.8-20.9-3.1-30.4s23.7,6.2,34,5,22.8-15.5,24.1-21.6-11.7-21.8-9.7-30.7c.7-3,6.8-10,11.4-11s25,6.9,29.6,5.9c5.6-1.2,12.1-7.1,17.4-10.4,15.5,6.7,29.6,9.4,47.7,9.4,68.5,0,124-53.4,124-119.2S408.5,48,340,48,218.1,101.37,218.1,167.17ZM400,144a32,32,0,1,1-32-32A32,32,0,0,1,400,144Z\"><\/path><\/svg><\/span><span class=\"gb-headline-text\">Les services sans addition de prix<\/span><\/h3>\n\n\n\n<p class=\"gb-headline gb-headline-95148711\"><span class=\"gb-icon\"><svg aria-hidden=\"true\" height=\"1em\" width=\"1em\" viewbox=\"0 0 256 512\" xmlns=\"http:\/\/www.w3.org\/2000\/svg\"><path fill=\"currentColor\" d=\"M224.3 273l-136 136c-9.4 9.4-24.6 9.4-33.9 0l-22.6-22.6c-9.4-9.4-9.4-24.6 0-33.9l96.4-96.4-96.4-96.4c-9.4-9.4-9.4-24.6 0-33.9L54.3 103c9.4-9.4 24.6-9.4 33.9 0l136 136c9.5 9.4 9.5 24.6.1 34z\"><\/path><\/svg><\/span><span class=\"gb-headline-text\">Lit parapluie disponible<\/span><\/p>\n\n\n\n<p class=\"gb-headline gb-headline-d1ede107\"><span class=\"gb-icon\"><svg aria-hidden=\"true\" height=\"1em\" width=\"1em\" viewbox=\"0 0 256 512\" xmlns=\"http:\/\/www.w3.org\/2000\/svg\"><path fill=\"currentColor\" d=\"M224.3 273l-136 136c-9.4 9.4-24.6 9.4-33.9 0l-22.6-22.6c-9.4-9.4-9.4-24.6 0-33.9l96.4-96.4-96.4-96.4c-9.4-9.4-9.4-24.6 0-33.9L54.3 103c9.4-9.4 24.6-9.4 33.9 0l136 136c9.5 9.4 9.5 24.6.1 34z\"><\/path><\/svg><\/span><span class=\"gb-headline-text\">Ventilateur disponible<\/span><\/p>\n\n\n\n<p class=\"gb-headline gb-headline-7ffbb633\"><span class=\"gb-icon\"><svg aria-hidden=\"true\" height=\"1em\" width=\"1em\" viewbox=\"0 0 256 512\" xmlns=\"http:\/\/www.w3.org\/2000\/svg\"><path fill=\"currentColor\" d=\"M224.3 273l-136 136c-9.4 9.4-24.6 9.4-33.9 0l-22.6-22.6c-9.4-9.4-9.4-24.6 0-33.9l96.4-96.4-96.4-96.4c-9.4-9.4-9.4-24.6 0-33.9L54.3 103c9.4-9.4 24.6-9.4 33.9 0l136 136c9.5 9.4 9.5 24.6.1 34z\"><\/path><\/svg><\/span><span class=\"gb-headline-text\">Chiens accept\u00e9s sur demande<\/span><\/p>\n\n\n\n<p class=\"gb-headline gb-headline-d15ff266\"><span class=\"gb-icon\"><svg aria-hidden=\"true\" height=\"1em\" width=\"1em\" viewbox=\"0 0 256 512\" xmlns=\"http:\/\/www.w3.org\/2000\/svg\"><path fill=\"currentColor\" d=\"M224.3 273l-136 136c-9.4 9.4-24.6 9.4-33.9 0l-22.6-22.6c-9.4-9.4-9.4-24.6 0-33.9l96.4-96.4-96.4-96.4c-9.4-9.4-9.4-24.6 0-33.9L54.3 103c9.4-9.4 24.6-9.4 33.9 0l136 136c9.5 9.4 9.5 24.6.1 34z\"><\/path><\/svg><\/span><span class=\"gb-headline-text\">Arriv\u00e9e en dehors des horaires possible (nous pr\u00e9venir)<\/span><\/p>\n\n<\/div><\/div><\/div>\n<\/div>\n<\/div><\/div>\n\n\n<figure class=\"wp-block-image alignwide size-full\"><img decoding=\"async\" src=\"http:\/\/ww2.maisonleretour.com\/wp-content\/uploads\/2021\/07\/services.jpg\" alt=\"\" class=\"wp-image-19807\"\/><\/figure>\n\n\n<div class=\"gb-container gb-container-0fc0cd44\"><div class=\"gb-inside-container\">\n<div class=\"gb-grid-wrapper gb-grid-wrapper-0c9ef000\">\n<div class=\"gb-grid-column gb-grid-column-17f931b4\"><div class=\"gb-container gb-container-17f931b4\"><div class=\"gb-inside-container\">\n\n<h2 class=\"gb-headline gb-headline-a13a6051 gb-headline-text\">Conditions de paiement et d\u2019annulation<\/h2>\n\n<\/div><\/div><\/div>\n\n<div class=\"gb-grid-column gb-grid-column-6913ff51\"><div class=\"gb-container gb-container-6913ff51\"><div class=\"gb-inside-container\">\n\n<ul class=\"wp-block-list\">\n<li>Acompte de 30 % du montant total, dans les 7 jours suivant la r\u00e9ception de la confirmation. Votre r\u00e9servation sera d\u00e9finitive d\u00e8s r\u00e9ception de ce montant.<\/li>\n\n\n\n<li>Le solde sera \u00e0 r\u00e9gler \u00e0 l&rsquo;arriv\u00e9e par ch\u00e8que, virement bancaire ou en esp\u00e8ces. Nous n\u2019acceptons pas de paiement par carte bancaire.<\/li>\n\n\n\n<li>L&rsquo;annulation est gratuite jusqu&rsquo;\u00e0 15 jours avant l&rsquo;arriv\u00e9e. Votre acompte vous sera rembours\u00e9 dans un d\u00e9lai de 15 jours au plus tard.<\/li>\n\n\n\n<li>Si vous annulez votre r\u00e9servation dans un d\u00e9lai inf\u00e9rieur \u00e0 15 jours et que nous ne sommes pas en mesure de relouer les chambres, le d\u00e9p\u00f4t ne sera pas remboursable.<\/li>\n<\/ul>\n\n<\/div><\/div><\/div>\n<\/div>\n<\/div><\/div>\n\n<div class=\"gb-container gb-container-eb6ddb65\"><div class=\"gb-inside-container\">\n<div class=\"gb-grid-wrapper gb-grid-wrapper-425376a2\">\n<div class=\"gb-grid-column gb-grid-column-b3ae56dd\"><div class=\"gb-container gb-container-b3ae56dd\"><div class=\"gb-inside-container\">\n\n<h2 class=\"gb-headline gb-headline-1f57781f gb-headline-text\">R\u00e8gles de la maison<\/h2>\n\n<\/div><\/div><\/div>\n\n<div class=\"gb-grid-column gb-grid-column-671cefd0\"><div class=\"gb-container gb-container-671cefd0\"><div class=\"gb-inside-container\">\n\n<ul class=\"wp-block-list\">\n<li>Fiche d\u2019h\u00f4tel \u00e0 remplir \u00e0 l\u2019arriv\u00e9e.<\/li>\n\n\n\n<li>Les chambres sont non fumeurs, les fumeurs peuvent utiliser les espaces ext\u00e9rieurs et un cendrier.<\/li>\n\n\n\n<li>Les serviettes de piscine ne sont pas fournies, celles de la chambre ne doivent pas \u00eatre utilis\u00e9es pour la piscine.<\/li>\n\n\n\n<li>Les enfants de moins de 10 ans ne doivent pas \u00eatre laiss\u00e9s seuls dans la zone piscine.<\/li>\n\n\n\n<li>Les chambres ne sont pas \u00e9quip\u00e9es de TV, vous pouvez utiliser vos appareils et notre WiFi, lire des livres, \u00e9couter les cigales ou les gr\u00e9nouilles, selon la p\u00e9riode.<\/li>\n\n\n\n<li>Les chiens sont les bienvenues, \u00e0 condition que nos deux chats soient en s\u00e9curit\u00e9.<\/li>\n\n\n\n<li>Le d\u00e9cor est choisi, en style shabby et proven\u00e7al, il est donc imparfait. Si vous aimez la perfection\u2026<\/li>\n<\/ul>\n\n<\/div><\/div><\/div>\n<\/div>\n<\/div><\/div>\n\n<div class=\"gb-container gb-container-a8ed9e67\"><div class=\"gb-inside-container\">\n<div class=\"gb-container gb-container-0ba97868\"><div class=\"gb-inside-container\">\n\n<h3 class=\"gb-headline gb-headline-a6d1c538 gb-headline-text\">Partant pour un s\u00e9jour de r\u00eave ?<\/h3>\n\n\n<div class=\"gb-button-wrapper gb-button-wrapper-27204d85\">\n\n<a class=\"gb-button gb-button-f7731256\" href=\"http:\/\/ww2.maisonleretour.com\/contact\/\"><span class=\"gb-button-text\">Contact your hosts<\/span><span class=\"gb-icon\"><svg aria-hidden=\"true\" data-prefix=\"fas\" data-icon=\"long-arrow-alt-right\" class=\"svg-inline--fa fa-long-arrow-alt-right fa-w-14\" xmlns=\"http:\/\/www.w3.org\/2000\/svg\" viewbox=\"0 0 448 512\"><path fill=\"currentColor\" d=\"M313.941 216H12c-6.627 0-12 5.373-12 12v56c0 6.627 5.373 12 12 12h301.941v46.059c0 21.382 25.851 32.09 40.971 16.971l86.059-86.059c9.373-9.373 9.373-24.569 0-33.941l-86.059-86.059c-15.119-15.119-40.971-4.411-40.971 16.971V216z\"><\/path><\/svg><\/span><\/a>\n\n<\/div>\n<\/div><\/div>\n<\/div><\/div>","protected":false},"excerpt":{"rendered":"<p>Partant pour un s\u00e9jour de r\u00eave ?<\/p>","protected":false},"author":1,"featured_media":0,"parent":0,"menu_order":0,"comment_status":"closed","ping_status":"closed","template":"","meta":{"footnotes":""},"class_list":["post-17703","page","type-page","status-publish"],"aioseo_notices":[],"_links":{"self":[{"href":"https:\/\/maisonleretour.com\/en\/wp-json\/wp\/v2\/pages\/17703","targetHints":{"allow":["GET"]}}],"collection":[{"href":"https:\/\/maisonleretour.com\/en\/wp-json\/wp\/v2\/pages"}],"about":[{"href":"https:\/\/maisonleretour.com\/en\/wp-json\/wp\/v2\/types\/page"}],"author":[{"embeddable":true,"href":"https:\/\/maisonleretour.com\/en\/wp-json\/wp\/v2\/users\/1"}],"replies":[{"embeddable":true,"href":"https:\/\/maisonleretour.com\/en\/wp-json\/wp\/v2\/comments?post=17703"}],"version-history":[{"count":22,"href":"https:\/\/maisonleretour.com\/en\/wp-json\/wp\/v2\/pages\/17703\/revisions"}],"predecessor-version":[{"id":20265,"href":"https:\/\/maisonleretour.com\/en\/wp-json\/wp\/v2\/pages\/17703\/revisions\/20265"}],"wp:attachment":[{"href":"https:\/\/maisonleretour.com\/en\/wp-json\/wp\/v2\/media?parent=17703"}],"curies":[{"name":"wp","href":"https:\/\/api.w.org\/{rel}","templated":true}]}}