{"id":17596,"date":"2020-01-12T16:37:55","date_gmt":"2020-01-12T21:37:55","guid":{"rendered":"https:\/\/gpsites.co\/agency\/?page_id=17596"},"modified":"2022-03-16T09:42:09","modified_gmt":"2022-03-16T08:42:09","slug":"test","status":"publish","type":"page","link":"http:\/\/maisonleretour.com\/en\/","title":{"rendered":"Home"},"content":{"rendered":"<div class=\"gb-container gb-container-c4a4c274\"><div class=\"gb-inside-container\">\n<div class=\"gb-grid-wrapper gb-grid-wrapper-4caf2423\">\n<div class=\"gb-grid-column gb-grid-column-b2fcfaf6\"><div class=\"gb-container gb-container-b2fcfaf6\"><div class=\"gb-inside-container\">\n\n<h1 class=\"gb-headline gb-headline-828df210 gb-headline-text\"><mark class=\"gb-highlight\"><em>Maison Le Retour<\/em><\/mark><\/h1>\n\n\n\n<h1 class=\"gb-headline gb-headline-7bfe3972 gb-headline-text\">Three rooms in Provence<\/h1>\n\n\n<div class=\"gb-button-wrapper gb-button-wrapper-e30e7279\">\n\n<a class=\"gb-button gb-button-6628a2aa\" href=\"http:\/\/maisonleretour.com\/en\/#leschambres\"><span class=\"gb-button-text\">OUR ROOMS <\/span><span class=\"gb-icon\"><svg aria-hidden=\"true\" data-prefix=\"fas\" data-icon=\"long-arrow-alt-right\" class=\"svg-inline--fa fa-long-arrow-alt-right fa-w-14\" xmlns=\"http:\/\/www.w3.org\/2000\/svg\" viewbox=\"0 0 448 512\"><path fill=\"currentColor\" d=\"M313.941 216H12c-6.627 0-12 5.373-12 12v56c0 6.627 5.373 12 12 12h301.941v46.059c0 21.382 25.851 32.09 40.971 16.971l86.059-86.059c9.373-9.373 9.373-24.569 0-33.941l-86.059-86.059c-15.119-15.119-40.971-4.411-40.971 16.971V216z\"><\/path><\/svg><\/span><\/a>\n\n<\/div>\n<\/div><\/div><\/div>\n\n<div class=\"gb-grid-column gb-grid-column-6baef64a\"><div class=\"gb-container gb-container-6baef64a\"><div class=\"gb-inside-container\">\n\n<div class=\"wp-block-image\"><figure class=\"aligncenter size-full\"><img loading=\"lazy\" decoding=\"async\" width=\"818\" height=\"430\" src=\"http:\/\/ww2.maisonleretour.com\/wp-content\/uploads\/2021\/07\/gallery16.jpg\" alt=\"\" class=\"wp-image-19765\" srcset=\"https:\/\/maisonleretour.com\/wp-content\/uploads\/2021\/07\/gallery16.jpg 818w, https:\/\/maisonleretour.com\/wp-content\/uploads\/2021\/07\/gallery16-300x158.jpg 300w, https:\/\/maisonleretour.com\/wp-content\/uploads\/2021\/07\/gallery16-768x404.jpg 768w\" sizes=\"auto, (max-width: 818px) 100vw, 818px\" \/><\/figure><\/div>\n\n<\/div><\/div><\/div>\n<\/div>\n<\/div><\/div>\n\n<div class=\"gb-container gb-container-10866e37\"><div class=\"gb-inside-container\">\n<div class=\"gb-grid-wrapper gb-grid-wrapper-94b5e95a\">\n<div class=\"gb-grid-column gb-grid-column-e4eb8669\"><div class=\"gb-container gb-container-e4eb8669\"><div class=\"gb-inside-container\">\n\n<h2 class=\"gb-headline gb-headline-0d5380f3 gb-headline-text\">Services<\/h2>\n\n<\/div><\/div><\/div>\n\n<div class=\"gb-grid-column gb-grid-column-9943cab7\"><div class=\"gb-container gb-container-9943cab7\"><div class=\"gb-inside-container\">\n<div class=\"gb-grid-wrapper gb-grid-wrapper-71a44a5b\">\n<div class=\"gb-grid-column gb-grid-column-059ca212\"><div class=\"gb-container gb-container-059ca212\"><div class=\"gb-inside-container\">\n\n<h3 class=\"gb-headline gb-headline-79bafcf1\"><span class=\"gb-icon\"><svg version=\"1.1\" id=\"Layer_1\" xmlns=\"http:\/\/www.w3.org\/2000\/svg\" xmlns:xlink=\"http:\/\/www.w3.org\/1999\/xlink\" x=\"0px\" y=\"0px\" viewbox=\"0 0 512 512\" style=\"enable-background:new 0 0 512 512;\" xml:space=\"preserve\"> <g><g><g><path d=\"M256,0C114.618,0,0,114.618,0,256s114.618,256,256,256s256-114.618,256-256S397.382,0,256,0z M256,469.333 c-117.818,0-213.333-95.515-213.333-213.333S138.182,42.667,256,42.667S469.333,138.182,469.333,256S373.818,469.333,256,469.333 \t\t\t\tz\"><\/path><path d=\"M277.333,106.667h-64C201.551,106.667,192,116.218,192,128v128v149.333c0,11.782,9.551,21.333,21.333,21.333 \t\t\t\tc11.782,0,21.333-9.551,21.333-21.333v-128h42.667c47.131,0,85.333-38.202,85.333-85.333S324.465,106.667,277.333,106.667z M277.333,234.667h-42.667v-85.333h42.667C300.901,149.333,320,168.433,320,192S300.901,234.667,277.333,234.667z\"><\/path><\/g><\/g><\/g><\/svg><\/span><span class=\"gb-headline-text\">Parking<\/span><\/h3>\n\n<\/div><\/div><\/div>\n\n<div class=\"gb-grid-column gb-grid-column-92026840\"><div class=\"gb-container gb-container-92026840\"><div class=\"gb-inside-container\">\n\n<h3 class=\"gb-headline gb-headline-6a648f53\"><span class=\"gb-icon\"><svg version=\"1.1\" id=\"Capa_1\" xmlns=\"http:\/\/www.w3.org\/2000\/svg\" xmlns:xlink=\"http:\/\/www.w3.org\/1999\/xlink\" x=\"0px\" y=\"0px\" viewbox=\"0 0 297 297\" style=\"enable-background:new 0 0 297 297;\" xml:space=\"preserve\"> <g> \t<path d=\"M87.541,186.333c-8.128,1.748-16.533,3.556-33.087,3.556c-16.553,0-24.958-1.808-33.087-3.556 \t\tc-6.05-1.301-11.835-2.545-21.368-3.002v35.735c11.339,0.487,18.184,1.956,24.837,3.386c7.621,1.638,14.819,3.186,29.618,3.186 \t\tc14.799,0,21.998-1.548,29.618-3.186c8.128-1.747,16.533-3.555,33.087-3.555c16.551,0,24.955,1.808,33.083,3.555 \t\tc7.62,1.638,14.817,3.186,29.614,3.186c14.798,0,21.995-1.548,29.615-3.186c8.127-1.747,16.531-3.555,33.083-3.555 \t\tc16.551,0,24.955,1.808,33.083,3.555c6.046,1.3,11.841,2.54,21.363,2.998v-35.728c-11.341-0.486-18.179-1.958-24.832-3.389 \t\tc-7.62-1.638-14.817-3.186-29.614-3.186c-14.797,0-21.994,1.548-29.613,3.186c-8.128,1.748-16.532,3.556-33.085,3.556 \t\tc-16.551,0-24.955-1.808-33.083-3.556c-7.62-1.638-14.816-3.186-29.613-3.186C102.361,183.147,95.162,184.695,87.541,186.333z\"><\/path> \t<path d=\"M54.455,277.889c14.799,0,21.998-1.548,29.618-3.186c8.128-1.748,16.533-3.556,33.087-3.556 \t\tc16.551,0,24.955,1.808,33.084,3.556c7.62,1.639,14.816,3.186,29.613,3.186c14.798,0,21.995-1.548,29.615-3.186 \t\tc8.127-1.748,16.531-3.556,33.083-3.556c16.551,0,24.955,1.808,33.084,3.556c6.048,1.301,11.832,2.545,21.362,3.002v-35.735 \t\tc-11.336-0.487-18.18-1.956-24.832-3.386c-7.62-1.639-14.817-3.186-29.614-3.186c-14.797,0-21.995,1.548-29.614,3.186 \t\tc-8.127,1.747-16.532,3.555-33.084,3.555c-16.551,0-24.955-1.808-33.083-3.555c-7.62-1.639-14.817-3.186-29.614-3.186 \t\tc-14.799,0-21.998,1.548-29.618,3.186c-8.128,1.747-16.533,3.555-33.087,3.555c-16.553,0-24.958-1.808-33.087-3.555 \t\tc-6.047-1.3-11.843-2.54-21.368-2.998v35.728c11.343,0.486,18.183,1.958,24.837,3.389 \t\tC32.457,276.341,39.656,277.889,54.455,277.889z\"><\/path> \t<path d=\"M141.797,168.518v-12.103h57.161v15.776c3.879-0.562,7.156-1.266,10.514-1.988c3.17-0.682,6.39-1.372,10.111-1.961V58.594 \t\tc0-10.398,8.46-18.857,18.857-18.857c10.398,0,18.858,8.459,18.858,18.857v9.722c0,5.695,4.617,10.313,10.313,10.313 \t\tc5.695,0,10.313-4.618,10.313-10.313v-9.722c0-21.771-17.711-39.482-39.483-39.482h-77.785c-21.771,0-39.482,17.711-39.482,39.482 \t\tv108.095C130.075,166.86,136.435,167.592,141.797,168.518z M160.654,39.736h43.106c-2.972,5.444-4.69,11.663-4.788,18.267h-57.146 \t\tC142.142,47.88,150.456,39.736,160.654,39.736z M141.797,78.629h57.161v18.268h-57.161V78.629z M141.797,117.522h57.161v18.267 \t\th-57.161V117.522z\"><\/path> <\/g><\/svg><\/span><span class=\"gb-headline-text\">Swimming pool<\/span><\/h3>\n\n<\/div><\/div><\/div>\n\n<div class=\"gb-grid-column gb-grid-column-ba9b7291\"><div class=\"gb-container gb-container-ba9b7291\"><div class=\"gb-inside-container\">\n\n<h3 class=\"gb-headline gb-headline-2562453c\"><span class=\"gb-icon\"><svg xml:space=\"preserve\" style=\"enable-background:new 0 0 475.558 475.558;\" viewbox=\"0 0 475.558 475.558\" y=\"0px\" x=\"0px\" xmlns:xlink=\"http:\/\/www.w3.org\/1999\/xlink\" xmlns=\"http:\/\/www.w3.org\/2000\/svg\" id=\"Capa_1\" version=\"1.1\"> <g id=\"XMLID_136_\"> \t<path d=\"M259.988,404.297c0,14.408,11.67,26.079,26.078,26.079s26.078-11.671,26.078-26.079 \t\tc0-9.43-9.647-20.494-17.311-31.621c-4.198-6.094-13.164-6.092-17.368-0.001C269.8,383.78,259.988,394.887,259.988,404.297z\" id=\"XMLID_137_\"><\/path> \t<path d=\"M331.95,343.465c0,14.408,11.67,26.077,26.078,26.077s26.078-11.669,26.078-26.077 \t\tc0-9.425-9.646-20.491-17.312-31.619c-4.198-6.095-13.165-6.093-17.369-0.002C341.761,322.951,331.95,334.06,331.95,343.465z\" id=\"XMLID_138_\"><\/path> \t<path d=\"M188.026,343.465c0,14.408,11.67,26.077,26.078,26.077c14.408,0,26.078-11.669,26.078-26.077 \t\tc0-9.425-9.646-20.491-17.311-31.619c-4.198-6.095-13.166-6.093-17.369-0.002C197.838,322.951,188.026,334.06,188.026,343.465z\" id=\"XMLID_139_\"><\/path> \t<path d=\"M258.763,111.628c-54.178,9.808-95.189,48.058-97.801,94.514c-0.063,1.226,0.365,2.428,1.211,3.319 \t\tc0.843,0.892,2.021,1.4,3.247,1.4h241.294c1.225,0,2.404-0.509,3.23-1.4c0.845-0.892,1.29-2.093,1.227-3.319 \t\tc-2.69-47.77-45.932-86.887-102.401-95.294C298.931,48.16,244.722,0,179.304,0c-72.36,0-131.22,58.868-131.22,131.219v319.884 \t\tc0,13.51,10.954,24.454,24.454,24.454c13.502,0,24.454-10.944,24.454-24.454V131.219c0-45.39,36.921-82.311,82.311-82.311 \t\tC217.624,48.908,249.64,75.361,258.763,111.628z\" id=\"XMLID_140_\"><\/path> \t<path d=\"M411.171,234.001H160.962c-9.012,0-16.302,7.3-16.302,16.302c0,9.005,7.29,16.303,16.302,16.303h250.209 \t\tc9.012,0,16.303-7.298,16.303-16.303C427.474,241.302,420.183,234.001,411.171,234.001z\" id=\"XMLID_141_\"><\/path> <\/g><\/svg><\/span><span class=\"gb-headline-text\">Shower<\/span><\/h3>\n\n<\/div><\/div><\/div>\n\n<div class=\"gb-grid-column gb-grid-column-c0646502\"><div class=\"gb-container gb-container-c0646502\"><div class=\"gb-inside-container\">\n\n<h3 class=\"gb-headline gb-headline-f40fbfda\"><span class=\"gb-icon\"><svg xml:space=\"preserve\" style=\"enable-background:new 0 0 489.3 489.3;\" viewbox=\"0 0 489.3 489.3\" y=\"0px\" x=\"0px\" xmlns:xlink=\"http:\/\/www.w3.org\/1999\/xlink\" xmlns=\"http:\/\/www.w3.org\/2000\/svg\" id=\"Capa_1\" version=\"1.1\"> <g> \t<g> \t\t<path d=\"M79.55,229.675c-10.2,10.2-10.2,26.8,0,37.1c10.2,10.2,26.8,10.2,37.1,0c70.6-70.6,185.5-70.6,256.1,0 \t\t\tc5.1,5.1,11.8,7.7,18.5,7.7s13.4-2.6,18.5-7.7c10.2-10.2,10.2-26.8,0-37.1C318.75,138.575,170.55,138.575,79.55,229.675z\"><\/path> \t\t<path d=\"M150.35,300.475c-10.2,10.2-10.2,26.8,0,37.1c10.2,10.2,26.8,10.2,37.1,0c31.5-31.6,82.9-31.6,114.4,0 \t\t\tc5.1,5.1,11.8,7.7,18.5,7.7s13.4-2.6,18.5-7.7c10.2-10.2,10.2-26.8,0-37C286.95,248.475,202.35,248.475,150.35,300.475z\"><\/path> \t\t<circle r=\"34.9\" cy=\"394.675\" cx=\"244.65\"><\/circle> \t\t<path d=\"M481.65,157.675c-130.7-130.6-343.3-130.6-474,0c-10.2,10.2-10.2,26.8,0,37.1c10.2,10.2,26.8,10.2,37.1,0 \t\t\tc110.2-110.3,289.6-110.3,399.9,0c5.1,5.1,11.8,7.7,18.5,7.7s13.4-2.6,18.5-7.7C491.85,184.575,491.85,167.975,481.65,157.675z\"><\/path> \t<\/g> <\/g><\/svg><\/span><span class=\"gb-headline-text\">Wi-Fi<\/span><\/h3>\n\n<\/div><\/div><\/div>\n\n<div class=\"gb-grid-column gb-grid-column-3055e4d3\"><div class=\"gb-container gb-container-3055e4d3\"><div class=\"gb-inside-container\">\n\n<h3 class=\"gb-headline gb-headline-d790f010\"><span class=\"gb-icon\"><svg xml:space=\"preserve\" style=\"enable-background:new 0 0 512.001 512.001;\" viewbox=\"0 0 512.001 512.001\" y=\"0px\" x=\"0px\" xmlns:xlink=\"http:\/\/www.w3.org\/1999\/xlink\" xmlns=\"http:\/\/www.w3.org\/2000\/svg\" id=\"Layer_1\" version=\"1.1\"> <g> \t<g> \t\t<path d=\"M501.629,255.993c-15.774-12.927-44.314-34.628-75.136-49.914c21.174-37.415,29.378-90.763,32.488-122.105 \t\t\tc0.841-8.485-2.131-16.81-8.155-22.844c-6.17-6.174-14.53-8.999-22.854-8.174c-31.33,3.109-84.667,11.308-122.087,32.474 \t\t\tc-15.285-30.79-36.963-59.3-49.874-75.057c-5.405-6.592-13.397-10.372-21.945-10.372c-8.526,0.003-16.514,3.787-21.919,10.38 \t\t\tc-13.954,17.027-37.158,47.712-52.393,80.283c-19.972-12.981-39.365-22.975-50.596-28.425c-7.497-3.637-16.694-3.722-24.271-0.218 \t\t\tc-7.739,3.579-13.408,10.362-15.549,18.613c-9.707,37.395-22.941,105.507-5.284,149.701 \t\t\tc-22.119,11.652-42.254,26.818-53.497,35.881C3.844,271.626-0.006,279.677,0,288.296c0.002,8.615,3.854,16.659,10.564,22.068 \t\t\tc24.45,19.708,71.252,52.771,109.991,52.771c0.001,0,0.001,0,0.002,0c1.6,0,3.216-0.047,4.841-0.115l-74.043,74.042 \t\t\tc-6.494,6.494-6.494,17.023,0,23.517c6.493,6.494,17.023,6.495,23.517,0l74.116-74.116c-0.072,1.672-0.122,3.337-0.122,4.982 \t\t\tc0,38.737,33.062,85.54,52.771,109.991c5.409,6.709,13.452,10.561,22.066,10.564c0.002,0,0.011,0,0.013,0 \t\t\tc8.617,0,16.662-3.848,22.071-10.557c10.929-13.559,25.014-32.753,35.899-53.491c14.378,5.738,32.378,8.645,53.59,8.646 \t\t\tc0.005,0,0.005,0,0.01,0c36.885,0,76.033-8.732,96.085-13.937c8.249-2.142,15.033-7.809,18.609-15.549 \t\t\tc3.584-7.754,3.504-16.601-0.217-24.271c-5.45-11.232-15.445-30.627-28.425-50.596c32.569-15.235,63.254-38.438,80.28-52.392 \t\t\tc6.593-5.401,10.377-13.39,10.382-21.922C512.002,269.393,508.223,261.396,501.629,255.993z M390.486,328.968 \t\t\tc-5.018,1.722-8.915,5.734-10.487,10.801c-1.572,5.068-0.632,10.58,2.529,14.84c15.153,20.413,27.445,43.019,34.637,57.337 \t\t\tc-19.613,4.815-51.898,11.393-81.88,11.393c-0.002,0-0.005,0-0.008,0c-28.812-0.002-41.538-5.525-53.062-12.186 \t\t\tc-4.142-2.393-9.114-2.889-13.648-1.355c-4.533,1.532-8.186,4.942-10.025,9.36c-8.923,21.429-24.385,43.177-34.83,56.59 \t\t\tc-26.127-33.474-41.587-64.712-41.587-84.305c0-16.749,5.176-35.713,14.227-52.346l25.371-25.371l84.844,64.317 \t\t\tc7.319,5.55,17.753,4.111,23.298-3.206c5.549-7.319,4.113-17.75-3.206-23.298l-81.196-61.552l20.934-20.934L370.694,296.2 \t\t\tc8.887,2.313,17.969-3.016,20.282-11.904c2.313-8.888-3.017-17.969-11.904-20.282l-85.404-22.229l56.007-56.007 \t\t\tc6.494-6.494,6.494-17.023,0-23.517c-6.493-6.494-17.023-6.494-23.517,0l-56.404,56.404l-22.508-86.481 \t\t\tc-2.313-8.888-11.388-14.218-20.282-11.904c-8.889,2.314-14.217,11.394-11.904,20.282l27.426,105.373l-20.63,20.63l-62.137-81.968 \t\t\tc-5.548-7.318-15.977-8.756-23.298-3.206c-7.319,5.549-8.754,15.98-3.206,23.298l64.901,85.614l-25.503,25.503 \t\t\tc-16.564,8.952-35.405,14.067-52.055,14.067c-19.595,0-50.832-15.459-84.305-41.587c13.411-10.443,35.157-25.904,56.59-34.83 \t\t\tc4.416-1.839,7.827-5.491,9.359-10.023c1.533-4.532,1.04-9.504-1.354-13.647c-1.798-3.113-3.414-6.216-4.802-9.226 \t\t\tc-11.1-24.041-9.564-70.754,4.004-125.73c14.317,7.19,36.923,19.482,57.344,34.639c4.26,3.163,9.77,4.102,14.84,2.529 \t\t\tc5.066-1.572,9.079-5.469,10.8-10.487c11.202-32.654,37.127-67.878,51.05-85.363c14.693,18.412,37.394,49.677,49.162,80.199 \t\t\tc1.933,5.014,6.172,8.786,11.378,10.124c5.209,1.337,10.738,0.075,14.85-3.386c20.272-17.068,63.276-30.546,115.78-36.406 \t\t\tc-5.865,52.529-19.35,95.542-36.427,115.803c-3.466,4.112-4.729,9.647-3.391,14.856c1.339,5.208,5.114,9.449,10.134,11.381 \t\t\tc30.552,11.758,61.851,34.484,80.281,49.194C458.361,291.842,423.137,317.767,390.486,328.968z\"><\/path> \t<\/g> <\/g><\/svg><\/span><span class=\"gb-headline-text\">Garden <\/span><\/h3>\n\n<\/div><\/div><\/div>\n<\/div>\n\n\n<p><br>Please note that No TV is available in our rooms<\/p>\n\n\n\n<p>English spoken \ud83c\uddec\ud83c\udde7<br>Parliamo italiano \ud83c\uddee\ud83c\uddf9<\/p>\n\n<\/div><\/div><\/div>\n<\/div>\n<\/div><\/div>\n\n<div class=\"gb-container gb-container-e23e47cf\" id=\"leschambres\"><div class=\"gb-inside-container\">\n\n<h2 class=\"gb-headline gb-headline-b15695f3 gb-headline-text\">Les chambres <\/h2>\n\n\n<div class=\"gb-grid-wrapper gb-grid-wrapper-97bcb81c\">\n<div class=\"gb-grid-column gb-grid-column-2fc56a63\"><div class=\"gb-container gb-container-2fc56a63\"><div class=\"gb-inside-container\">\n\n<figure class=\"wp-block-image size-full\"><img loading=\"lazy\" decoding=\"async\" width=\"600\" height=\"450\" src=\"http:\/\/ww2.maisonleretour.com\/wp-content\/uploads\/2021\/07\/matildex.jpg\" alt=\"\" class=\"wp-image-19777\" srcset=\"https:\/\/maisonleretour.com\/wp-content\/uploads\/2021\/07\/matildex.jpg 600w, https:\/\/maisonleretour.com\/wp-content\/uploads\/2021\/07\/matildex-300x225.jpg 300w\" sizes=\"auto, (max-width: 600px) 100vw, 600px\" \/><\/figure>\n\n\n\n<h3 class=\"gb-headline gb-headline-1c01eb72 gb-headline-text\">Matilde<\/h3>\n\n\n<div class=\"gb-button-wrapper gb-button-wrapper-b7267e49\">\n\n<a class=\"gb-button gb-button-955a6b76\" href=\"http:\/\/maisonleretour.com\/en\/chambre-matilde\/\"><span class=\"gb-button-text\">SEE THE ROOM<\/span><span class=\"gb-icon\"><svg aria-hidden=\"true\" data-prefix=\"fas\" data-icon=\"long-arrow-alt-right\" class=\"svg-inline--fa fa-long-arrow-alt-right fa-w-14\" xmlns=\"http:\/\/www.w3.org\/2000\/svg\" viewbox=\"0 0 448 512\"><path fill=\"currentColor\" d=\"M313.941 216H12c-6.627 0-12 5.373-12 12v56c0 6.627 5.373 12 12 12h301.941v46.059c0 21.382 25.851 32.09 40.971 16.971l86.059-86.059c9.373-9.373 9.373-24.569 0-33.941l-86.059-86.059c-15.119-15.119-40.971-4.411-40.971 16.971V216z\"><\/path><\/svg><\/span><\/a>\n\n<\/div>\n<\/div><\/div><\/div>\n\n<div class=\"gb-grid-column gb-grid-column-de0d6618\"><div class=\"gb-container gb-container-de0d6618\"><div class=\"gb-inside-container\">\n\n<figure class=\"wp-block-image size-large\"><img loading=\"lazy\" decoding=\"async\" width=\"1024\" height=\"668\" src=\"https:\/\/maisonleretour.com\/wp-content\/uploads\/2022\/03\/DSC_2746-1024x668.jpg\" alt=\"\" class=\"wp-image-20116\"\/><\/figure>\n\n\n\n<h3 class=\"gb-headline gb-headline-d7143fa3 gb-headline-text\">Lulli<\/h3>\n\n\n<div class=\"gb-button-wrapper gb-button-wrapper-2340f693\">\n\n<a class=\"gb-button gb-button-6bc89f9c\" href=\"http:\/\/maisonleretour.com\/en\/chambre-lulli\/\"><span class=\"gb-button-text\">SEE THE ROOM<\/span><span class=\"gb-icon\"><svg aria-hidden=\"true\" data-prefix=\"fas\" data-icon=\"long-arrow-alt-right\" class=\"svg-inline--fa fa-long-arrow-alt-right fa-w-14\" xmlns=\"http:\/\/www.w3.org\/2000\/svg\" viewbox=\"0 0 448 512\"><path fill=\"currentColor\" d=\"M313.941 216H12c-6.627 0-12 5.373-12 12v56c0 6.627 5.373 12 12 12h301.941v46.059c0 21.382 25.851 32.09 40.971 16.971l86.059-86.059c9.373-9.373 9.373-24.569 0-33.941l-86.059-86.059c-15.119-15.119-40.971-4.411-40.971 16.971V216z\"><\/path><\/svg><\/span><\/a>\n\n<\/div>\n<\/div><\/div><\/div>\n\n<div class=\"gb-grid-column gb-grid-column-50b3d5dc\"><div class=\"gb-container gb-container-50b3d5dc\"><div class=\"gb-inside-container\">\n\n<figure class=\"wp-block-image size-full\"><img loading=\"lazy\" decoding=\"async\" width=\"902\" height=\"600\" src=\"https:\/\/maisonleretour.com\/wp-content\/uploads\/2022\/03\/DSC_2736-1.jpg\" alt=\"\" class=\"wp-image-20196\" srcset=\"https:\/\/maisonleretour.com\/wp-content\/uploads\/2022\/03\/DSC_2736-1.jpg 902w, https:\/\/maisonleretour.com\/wp-content\/uploads\/2022\/03\/DSC_2736-1-300x200.jpg 300w, https:\/\/maisonleretour.com\/wp-content\/uploads\/2022\/03\/DSC_2736-1-768x511.jpg 768w, https:\/\/maisonleretour.com\/wp-content\/uploads\/2022\/03\/DSC_2736-1-18x12.jpg 18w\" sizes=\"auto, (max-width: 902px) 100vw, 902px\" \/><\/figure>\n\n\n\n<h3 class=\"gb-headline gb-headline-a7d187df gb-headline-text\">Enrica<\/h3>\n\n\n<div class=\"gb-button-wrapper gb-button-wrapper-4a11e0e7\">\n\n<a class=\"gb-button gb-button-ede3b1e9\" href=\"http:\/\/maisonleretour.com\/en\/chambre-enrica\/\"><span class=\"gb-button-text\">SEE THE ROOM<\/span><span class=\"gb-icon\"><svg aria-hidden=\"true\" data-prefix=\"fas\" data-icon=\"long-arrow-alt-right\" class=\"svg-inline--fa fa-long-arrow-alt-right fa-w-14\" xmlns=\"http:\/\/www.w3.org\/2000\/svg\" viewbox=\"0 0 448 512\"><path fill=\"currentColor\" d=\"M313.941 216H12c-6.627 0-12 5.373-12 12v56c0 6.627 5.373 12 12 12h301.941v46.059c0 21.382 25.851 32.09 40.971 16.971l86.059-86.059c9.373-9.373 9.373-24.569 0-33.941l-86.059-86.059c-15.119-15.119-40.971-4.411-40.971 16.971V216z\"><\/path><\/svg><\/span><\/a>\n\n<\/div>\n<\/div><\/div><\/div>\n<\/div>\n<\/div><\/div>\n\n<div class=\"gb-container gb-container-749d8aa9\"><div class=\"gb-inside-container\">\n<div class=\"gb-grid-wrapper gb-grid-wrapper-1ae07c27\">\n<div class=\"gb-grid-column gb-grid-column-aa1289f4\"><div class=\"gb-container gb-container-aa1289f4\"><div class=\"gb-inside-container\">\n\n<h2 class=\"gb-headline gb-headline-52f0b2da gb-headline-text\">Located between <mark class=\"gb-highlight\">Nice and Grasse<\/mark><\/h2>\n\n<\/div><\/div><\/div>\n\n<div class=\"gb-grid-column gb-grid-column-fad718b6\"><div class=\"gb-container gb-container-fad718b6\"><div class=\"gb-inside-container\">\n\n<figure class=\"wp-block-image size-full\"><a href=\"https:\/\/www.google.com\/maps\/d\/viewer?mid=1XPRXyAffItVIR_xbGdLm2fHo3xfsrral&amp;z=10\" target=\"_blank\" rel=\"noopener\"><img loading=\"lazy\" decoding=\"async\" width=\"800\" height=\"492\" src=\"http:\/\/ww2.maisonleretour.com\/wp-content\/uploads\/2021\/07\/map-maison-le-retour.jpg\" alt=\"\" class=\"wp-image-20036\" srcset=\"https:\/\/maisonleretour.com\/wp-content\/uploads\/2021\/07\/map-maison-le-retour.jpg 800w, https:\/\/maisonleretour.com\/wp-content\/uploads\/2021\/07\/map-maison-le-retour-300x185.jpg 300w, https:\/\/maisonleretour.com\/wp-content\/uploads\/2021\/07\/map-maison-le-retour-768x472.jpg 768w, https:\/\/maisonleretour.com\/wp-content\/uploads\/2021\/07\/map-maison-le-retour-18x12.jpg 18w\" sizes=\"auto, (max-width: 800px) 100vw, 800px\" \/><\/a><figcaption>Cliquer sur la carte pour zoomer et naviguer.<\/figcaption><\/figure>\n\n\n\n<div style=\"height:30px\" aria-hidden=\"true\" class=\"wp-block-spacer\"><\/div>\n\n\n\n<div class=\"wp-block-columns is-layout-flex wp-container-core-columns-is-layout-9d6595d7 wp-block-columns-is-layout-flex\">\n<div class=\"wp-block-column is-layout-flow wp-block-column-is-layout-flow\">\n<p>Maison Le Retour<br>7, chemin de la Gougourette<br>06650 \u2013 Le Rouret  &#8211; France<\/p>\n<\/div>\n\n\n\n<div class=\"wp-block-column is-layout-flow wp-block-column-is-layout-flow\">\n<p>Enrica&nbsp;<a href=\"tel:0033661652839\">+33 (0) 6 61 65 28 39<\/a><br>Simon\u00e9&nbsp;<a href=\"tel:0033612072718\">+33 (0) 6 12 07 27 18<\/a><\/p>\n\n\n\n<p>Mail :&nbsp;<a href=\"mailto:info@maisonleretour.com\">info@maisonleretour.com<\/a><\/p>\n<\/div>\n<\/div>\n\n<\/div><\/div><\/div>\n<\/div>\n<\/div><\/div>\n\n<div class=\"gb-container gb-container-728fe8b1\"><div class=\"gb-inside-container\">\n\n<h4 class=\"gb-headline gb-headline-57311143\"><span class=\"gb-icon\"><svg xmlns=\"http:\/\/www.w3.org\/2000\/svg\" viewbox=\"0 0 60 52.906\"><path d=\"M24.104 10.505c1.5-.629 2.13-2.42 1.452-3.872l-2.372-4.985A2.893 2.893 0 0019.409.245c-4.114 1.742-7.648 4.017-10.455 6.776-3.437 3.242-5.76 6.969-7.018 11.084C.678 22.267 0 27.93 0 35.142v14.86a2.913 2.913 0 002.904 2.904h19.022a2.913 2.913 0 002.904-2.904V30.979a2.912 2.912 0 00-2.904-2.904h-9.1c.097-4.889 1.258-8.809 3.388-11.762 1.743-2.371 4.357-4.307 7.89-5.808zM58.276 10.505c1.5-.629 2.129-2.42 1.452-3.872l-2.372-4.937C56.678.292 55.033-.337 53.581.292 49.516 2.035 46.03 4.31 43.175 7.021c-3.437 3.291-5.808 7.018-7.067 11.133-1.258 4.065-1.887 9.729-1.887 16.989v14.86a2.913 2.913 0 002.904 2.904h19.022a2.913 2.913 0 002.904-2.904V30.98a2.912 2.912 0 00-2.904-2.904h-9.148c.097-4.889 1.259-8.809 3.388-11.762 1.742-2.372 4.356-4.308 7.889-5.809z\"><\/path><\/svg><\/span><span class=\"gb-headline-text\">Cette maison d&rsquo;h\u00f4tes est situ\u00e9e dans un joli \u00e9crin de verdure, paisible et lumineux, qui invite au repos et \u00e0 la lecture. Pour un week-end litt\u00e9raire, dans le cadre du salon du livre du Rouret, nous ne pouvions pas trouver mieux.<br><\/span><\/h4>\n\n\n\n<p class=\"has-text-align-center\">Note sur 10 des utilisateurs <a href=\"https:\/\/www.booking.com\/hotel\/fr\/maison-le-retour.fr.html\" target=\"_blank\" rel=\"noreferrer noopener\">Booking<\/a> :<\/p>\n\n\n<div class=\"gb-button-wrapper gb-button-wrapper-1d6aa884\">\n\n<a class=\"gb-button gb-button-8c5580cc gb-button-text\" href=\"https:\/\/www.booking.com\/hotel\/fr\/maison-le-retour.fr.html\" target=\"_blank\" rel=\"noopener noreferrer\">9,1<\/a>\n\n<\/div>\n<\/div><\/div>\n\n<div class=\"gb-container gb-container-51f4bdb8\"><div class=\"gb-inside-container\">\n\n<h3 class=\"gb-headline gb-headline-3d4b105b gb-headline-text\">Ready for your stay ? <\/h3>\n\n\n<div class=\"gb-button-wrapper gb-button-wrapper-aad775cb\">\n\n<a class=\"gb-button gb-button-2f76a1e6\" href=\"http:\/\/ww2.maisonleretour.com\/contact\/\"><span class=\"gb-button-text\">Contact your hosts<\/span><span class=\"gb-icon\"><svg aria-hidden=\"true\" data-prefix=\"fas\" data-icon=\"long-arrow-alt-right\" class=\"svg-inline--fa fa-long-arrow-alt-right fa-w-14\" xmlns=\"http:\/\/www.w3.org\/2000\/svg\" viewbox=\"0 0 448 512\"><path fill=\"currentColor\" d=\"M313.941 216H12c-6.627 0-12 5.373-12 12v56c0 6.627 5.373 12 12 12h301.941v46.059c0 21.382 25.851 32.09 40.971 16.971l86.059-86.059c9.373-9.373 9.373-24.569 0-33.941l-86.059-86.059c-15.119-15.119-40.971-4.411-40.971 16.971V216z\"><\/path><\/svg><\/span><\/a>\n\n<\/div>\n<\/div><\/div>\n\n\n<p><\/p>","protected":false},"excerpt":{"rendered":"<p>Les chambres Cette maison d&rsquo;h\u00f4tes est situ\u00e9e dans un joli \u00e9crin de verdure, paisible et lumineux, qui invite au repos et \u00e0 la lecture. Pour un week-end litt\u00e9raire, dans le cadre du salon du livre du Rouret, nous ne pouvions pas trouver mieux. Note sur 10 des utilisateurs Booking : Pr\u00eat pour un s\u00e9jour de &#8230; <a title=\"Home\" class=\"read-more\" href=\"http:\/\/maisonleretour.com\/en\/\" aria-label=\"Read more about Accueil\">Read more<\/a><\/p>","protected":false},"author":1,"featured_media":0,"parent":0,"menu_order":0,"comment_status":"closed","ping_status":"closed","template":"","meta":{"footnotes":""},"class_list":["post-17596","page","type-page","status-publish"],"aioseo_notices":[],"_links":{"self":[{"href":"http:\/\/maisonleretour.com\/en\/wp-json\/wp\/v2\/pages\/17596","targetHints":{"allow":["GET"]}}],"collection":[{"href":"http:\/\/maisonleretour.com\/en\/wp-json\/wp\/v2\/pages"}],"about":[{"href":"http:\/\/maisonleretour.com\/en\/wp-json\/wp\/v2\/types\/page"}],"author":[{"embeddable":true,"href":"http:\/\/maisonleretour.com\/en\/wp-json\/wp\/v2\/users\/1"}],"replies":[{"embeddable":true,"href":"http:\/\/maisonleretour.com\/en\/wp-json\/wp\/v2\/comments?post=17596"}],"version-history":[{"count":61,"href":"http:\/\/maisonleretour.com\/en\/wp-json\/wp\/v2\/pages\/17596\/revisions"}],"predecessor-version":[{"id":20226,"href":"http:\/\/maisonleretour.com\/en\/wp-json\/wp\/v2\/pages\/17596\/revisions\/20226"}],"wp:attachment":[{"href":"http:\/\/maisonleretour.com\/en\/wp-json\/wp\/v2\/media?parent=17596"}],"curies":[{"name":"wp","href":"https:\/\/api.w.org\/{rel}","templated":true}]}}